{"id":4703,"date":"2024-10-03T07:15:43","date_gmt":"2024-10-03T07:15:43","guid":{"rendered":"https:\/\/moovecars.com\/lavorare-vtc\/lavoro-autista-vtc-murcia\/"},"modified":"2024-10-15T09:40:22","modified_gmt":"2024-10-15T09:40:22","slug":"lavoro-autista-ncc-murcia","status":"publish","type":"page","link":"https:\/\/dev.moovecars.com\/it\/lavorare-ncc\/lavoro-autista-ncc-murcia\/","title":{"rendered":"Lavoro autista NCC Murcia"},"content":{"rendered":"\t\t<div data-elementor-type=\"wp-page\" data-elementor-id=\"4703\" class=\"elementor elementor-4703 elementor-4594\" data-elementor-post-type=\"page\">\n\t\t\t\t\t\t<section class=\"elementor-section elementor-top-section elementor-element elementor-element-546744a elementor-section-boxed elementor-section-height-default elementor-section-height-default\" data-id=\"546744a\" data-element_type=\"section\" data-e-type=\"section\">\n\t\t\t\t\t\t<div class=\"elementor-container elementor-column-gap-default\">\n\t\t\t\t\t<header class=\"elementor-column elementor-col-100 elementor-top-column elementor-element elementor-element-553248d\" data-id=\"553248d\" data-element_type=\"column\" data-e-type=\"column\" data-settings=\"{&quot;background_background&quot;:&quot;classic&quot;}\">\n\t\t\t<div class=\"elementor-widget-wrap elementor-element-populated\">\n\t\t\t\t\t<div class=\"elementor-background-overlay\"><\/div>\n\t\t\t\t\t\t<div class=\"elementor-element elementor-element-357d2de elementor-widget elementor-widget-spacer\" data-id=\"357d2de\" data-element_type=\"widget\" data-e-type=\"widget\" data-widget_type=\"spacer.default\">\n\t\t\t\t\t\t\t<div class=\"elementor-spacer\">\n\t\t\t<div class=\"elementor-spacer-inner\"><\/div>\n\t\t<\/div>\n\t\t\t\t\t\t<\/div>\n\t\t\t\t<div class=\"elementor-element elementor-element-51022e5 elementor-widget elementor-widget-heading\" data-id=\"51022e5\" data-element_type=\"widget\" data-e-type=\"widget\" data-widget_type=\"heading.default\">\n\t\t\t\t\t<h1 class=\"elementor-heading-title elementor-size-default\">Lavora come autista NCC (Uber) a Murcia<\/h1>\t\t\t\t<\/div>\n\t\t\t\t<div class=\"elementor-element elementor-element-2a10313 elementor-widget elementor-widget-spacer\" data-id=\"2a10313\" data-element_type=\"widget\" data-e-type=\"widget\" data-widget_type=\"spacer.default\">\n\t\t\t\t\t\t\t<div class=\"elementor-spacer\">\n\t\t\t<div class=\"elementor-spacer-inner\"><\/div>\n\t\t<\/div>\n\t\t\t\t\t\t<\/div>\n\t\t\t\t\t<\/div>\n\t\t<\/header>\n\t\t\t\t\t<\/div>\n\t\t<\/section>\n\t\t\t\t<section class=\"elementor-section elementor-top-section elementor-element elementor-element-7b30fb7 elementor-section-boxed elementor-section-height-default elementor-section-height-default\" data-id=\"7b30fb7\" data-element_type=\"section\" data-e-type=\"section\">\n\t\t\t\t\t\t<div class=\"elementor-container elementor-column-gap-default\">\n\t\t\t\t\t<div class=\"elementor-column elementor-col-100 elementor-top-column elementor-element elementor-element-295db24\" data-id=\"295db24\" data-element_type=\"column\" data-e-type=\"column\">\n\t\t\t<div class=\"elementor-widget-wrap elementor-element-populated\">\n\t\t\t\t\t\t<div class=\"elementor-element elementor-element-d520b26 elementor-widget elementor-widget-spacer\" data-id=\"d520b26\" data-element_type=\"widget\" data-e-type=\"widget\" data-widget_type=\"spacer.default\">\n\t\t\t\t\t\t\t<div class=\"elementor-spacer\">\n\t\t\t<div class=\"elementor-spacer-inner\"><\/div>\n\t\t<\/div>\n\t\t\t\t\t\t<\/div>\n\t\t\t\t<div class=\"elementor-element elementor-element-ff2b162 elementor-widget elementor-widget-heading\" data-id=\"ff2b162\" data-element_type=\"widget\" data-e-type=\"widget\" data-widget_type=\"heading.default\">\n\t\t\t\t\t<h2 class=\"elementor-heading-title elementor-size-default\"><span style=\"color: var( --e-global-color-primary );font-family: var( --e-global-typography-primary-font-family ), Sans-serif;font-size: 2rem;font-weight: var( --e-global-typography-primary-font-weight )\">Offerte di lavoro per autisti NCC a Murcia<\/span><\/h2>\t\t\t\t<\/div>\n\t\t\t\t<div class=\"elementor-element elementor-element-507a570 elementor-widget elementor-widget-text-editor\" data-id=\"507a570\" data-element_type=\"widget\" data-e-type=\"widget\" data-widget_type=\"text-editor.default\">\n\t\t\t\t\t\t\t\t\t<p style=\"color: #035594;\">Moove Cars Murcia \u00e8 una delle nostre nuove basi operative, inaugurata nell&#8217;ottobre 2024. Si trova molto vicino al centro citt\u00e0 e a breve distanza dalla citt\u00e0 di Cartagena. In questa base si trovano i veicoli della flotta che forniscono servizi urbani e interurbani. Essendo una nuova apertura, i contratti per lavorare come autista NCC a Murcia sono attualmente fissi-discontinui per soddisfare la domanda durante i periodi di maggiore affluenza turistica.<\/p><p style=\"color: #035594;\">Il contratto generale in questa citt\u00e0 \u00e8 un contratto a tempo pieno di 40 ore settimanali con due giorni di riposo fissi e un fine settimana libero ogni cinque settimane. Generalmente sono disponibili turni, sia di mattina che di pomeriggio.<\/p>\t\t\t\t\t\t\t\t<\/div>\n\t\t\t\t<div class=\"elementor-element elementor-element-f448461 elementor-align-center elementor-widget__width-initial elementor-widget elementor-widget-button\" data-id=\"f448461\" data-element_type=\"widget\" data-e-type=\"widget\" data-widget_type=\"button.default\">\n\t\t\t\t\t\t\t\t\t\t<a class=\"elementor-button elementor-button-link elementor-size-sm\" href=\"https:\/\/moovecars.epreselec.com\/Ofertas\/Ofertas.aspx\">\n\t\t\t\t\t\t<span class=\"elementor-button-content-wrapper\">\n\t\t\t\t\t\t\t\t\t<span class=\"elementor-button-text\">VEDI LE OFFERTE<\/span>\n\t\t\t\t\t<\/span>\n\t\t\t\t\t<\/a>\n\t\t\t\t\t\t\t\t<\/div>\n\t\t\t\t<div class=\"elementor-element elementor-element-c6d69b5 elementor-align-center elementor-widget__width-initial elementor-widget elementor-widget-button\" data-id=\"c6d69b5\" data-element_type=\"widget\" data-e-type=\"widget\" data-widget_type=\"button.default\">\n\t\t\t\t\t\t\t\t\t\t<a class=\"elementor-button elementor-button-link elementor-size-sm\" href=\"https:\/\/moovecars.epreselec.com\/?id_idioma=1&#038;id_origen=web+corporativa\">\n\t\t\t\t\t\t<span class=\"elementor-button-content-wrapper\">\n\t\t\t\t\t\t\t\t\t<span class=\"elementor-button-text\">INVIA IL TUO C.V.<\/span>\n\t\t\t\t\t<\/span>\n\t\t\t\t\t<\/a>\n\t\t\t\t\t\t\t\t<\/div>\n\t\t\t\t\t<\/div>\n\t\t<\/div>\n\t\t\t\t\t<\/div>\n\t\t<\/section>\n\t\t\t\t<section class=\"elementor-section elementor-top-section elementor-element elementor-element-135c6c5 elementor-section-boxed elementor-section-height-default elementor-section-height-default\" data-id=\"135c6c5\" data-element_type=\"section\" data-e-type=\"section\">\n\t\t\t\t\t\t<div class=\"elementor-container elementor-column-gap-default\">\n\t\t\t\t\t<div class=\"elementor-column elementor-col-100 elementor-top-column elementor-element elementor-element-e71ec20\" data-id=\"e71ec20\" data-element_type=\"column\" data-e-type=\"column\">\n\t\t\t<div class=\"elementor-widget-wrap elementor-element-populated\">\n\t\t\t\t\t\t<div class=\"elementor-element elementor-element-aca396e elementor-widget elementor-widget-heading\" data-id=\"aca396e\" data-element_type=\"widget\" data-e-type=\"widget\" data-widget_type=\"heading.default\">\n\t\t\t\t\t<h2 class=\"elementor-heading-title elementor-size-default\">Requisiti per essere autista a Murcia<\/h2>\t\t\t\t<\/div>\n\t\t\t\t<div class=\"elementor-element elementor-element-bdd52de elementor-widget elementor-widget-text-editor\" data-id=\"bdd52de\" data-element_type=\"widget\" data-e-type=\"widget\" data-widget_type=\"text-editor.default\">\n\t\t\t\t\t\t\t\t\t<p>Come in tutte le citt\u00e0, l&#8217;autista NCC deve avere conoscenza della gestione di veicoli ibridi ed elettrici e sapersi muovere in citt\u00e0 con alta densit\u00e0 di popolazione. I requisiti essenziali per diventare autista NCC a Murcia includono avere una patente di guida da almeno un anno, un minimo di 6 punti sulla patente e tutta la documentazione omologata per poter lavorare. Inoltre, \u00e8 richiesto un livello intermedio di spagnolo.  &nbsp;<\/p>\n<p>Se sei interessato a lavorare come autista NCC a Murcia, controlla le nostre offerte per non perdere le novit\u00e0. Puoi anche lasciare il tuo CV per future opportunit\u00e0. <\/p>\t\t\t\t\t\t\t\t<\/div>\n\t\t\t\t<div class=\"elementor-element elementor-element-ba76f44 elementor-widget elementor-widget-heading\" data-id=\"ba76f44\" data-element_type=\"widget\" data-e-type=\"widget\" data-widget_type=\"heading.default\">\n\t\t\t\t\t<h2 class=\"elementor-heading-title elementor-size-default\">Vantaggi di lavorare presso Moove Cars Murcia<\/h2>\t\t\t\t<\/div>\n\t\t\t\t<div class=\"elementor-element elementor-element-37d9791 elementor-widget elementor-widget-text-editor\" data-id=\"37d9791\" data-element_type=\"widget\" data-e-type=\"widget\" data-widget_type=\"text-editor.default\">\n\t\t\t\t\t\t\t\t\t<p>Come \u00e8 consuetudine in tutte le citt\u00e0, anche a Murcia esistono gli stessi vantaggi per i nostri dipendenti:<\/p>\n<p>Assistenza al conducente 24 ore su 24 tramite l&#8217;app mobile<\/p>\n<p>Accesso a un autolavaggio dedicato presso le stazioni di servizio locali<\/p>\n<p>Fornitura di una carta carburante<\/p>\n<p>Possibilit\u00e0 di portare il veicolo in un&#8217;officina autorizzata per manutenzione e\/o riparazioni<\/p>\n<p>Fai parte di un grande team con opportunit\u00e0 di promozione interna<\/p>\n\t\t\t\t\t\t\t\t<\/div>\n\t\t\t\t\t<\/div>\n\t\t<\/div>\n\t\t\t\t\t<\/div>\n\t\t<\/section>\n\t\t\t\t<\/div>\n\t\t","protected":false},"excerpt":{"rendered":"<p>Lavora come autista NCC (Uber) a Murcia Offerte di lavoro per autisti NCC a Murcia Moove Cars Murcia \u00e8 una delle nostre nuove basi operative, inaugurata nell&#8217;ottobre 2024. Si trova molto vicino al centro citt\u00e0 e a breve distanza dalla citt\u00e0 di Cartagena. In questa base si trovano i veicoli della flotta che forniscono servizi [&hellip;]<\/p>\n","protected":false},"author":6,"featured_media":0,"parent":4380,"menu_order":0,"comment_status":"closed","ping_status":"closed","template":"elementor_header_footer","meta":{"_acf_changed":false,"footnotes":""},"class_list":["post-4703","page","type-page","status-publish","hentry"],"acf":[],"_links":{"self":[{"href":"https:\/\/dev.moovecars.com\/it\/wp-json\/wp\/v2\/pages\/4703","targetHints":{"allow":["GET"]}}],"collection":[{"href":"https:\/\/dev.moovecars.com\/it\/wp-json\/wp\/v2\/pages"}],"about":[{"href":"https:\/\/dev.moovecars.com\/it\/wp-json\/wp\/v2\/types\/page"}],"author":[{"embeddable":true,"href":"https:\/\/dev.moovecars.com\/it\/wp-json\/wp\/v2\/users\/6"}],"replies":[{"embeddable":true,"href":"https:\/\/dev.moovecars.com\/it\/wp-json\/wp\/v2\/comments?post=4703"}],"version-history":[{"count":0,"href":"https:\/\/dev.moovecars.com\/it\/wp-json\/wp\/v2\/pages\/4703\/revisions"}],"up":[{"embeddable":true,"href":"https:\/\/dev.moovecars.com\/it\/wp-json\/wp\/v2\/pages\/4380"}],"wp:attachment":[{"href":"https:\/\/dev.moovecars.com\/it\/wp-json\/wp\/v2\/media?parent=4703"}],"curies":[{"name":"wp","href":"https:\/\/api.w.org\/{rel}","templated":true}]}}