{"id":4591,"date":"2024-10-03T07:13:37","date_gmt":"2024-10-03T07:13:37","guid":{"rendered":"https:\/\/moovecars.com\/?page_id=4591"},"modified":"2024-10-15T11:08:13","modified_gmt":"2024-10-15T11:08:13","slug":"murcia","status":"publish","type":"page","link":"https:\/\/dev.moovecars.com\/it\/basi\/murcia\/","title":{"rendered":"Murcia"},"content":{"rendered":"\t\t<div data-elementor-type=\"wp-page\" data-elementor-id=\"4591\" class=\"elementor elementor-4591 elementor-4575\" data-elementor-post-type=\"page\">\n\t\t\t\t\t\t<section class=\"elementor-section elementor-top-section elementor-element elementor-element-a0c9a05 elementor-section-boxed elementor-section-height-default elementor-section-height-default\" data-id=\"a0c9a05\" data-element_type=\"section\" data-e-type=\"section\">\n\t\t\t\t\t\t<div class=\"elementor-container elementor-column-gap-default\">\n\t\t\t\t\t<header class=\"elementor-column elementor-col-100 elementor-top-column elementor-element elementor-element-af06907\" data-id=\"af06907\" data-element_type=\"column\" data-e-type=\"column\" data-settings=\"{&quot;background_background&quot;:&quot;classic&quot;}\">\n\t\t\t<div class=\"elementor-widget-wrap elementor-element-populated\">\n\t\t\t\t\t<div class=\"elementor-background-overlay\"><\/div>\n\t\t\t\t\t\t<div class=\"elementor-element elementor-element-9f1a57d elementor-widget elementor-widget-spacer\" data-id=\"9f1a57d\" data-element_type=\"widget\" data-e-type=\"widget\" data-widget_type=\"spacer.default\">\n\t\t\t\t\t\t\t<div class=\"elementor-spacer\">\n\t\t\t<div class=\"elementor-spacer-inner\"><\/div>\n\t\t<\/div>\n\t\t\t\t\t\t<\/div>\n\t\t\t\t<div class=\"elementor-element elementor-element-ff15245 elementor-widget elementor-widget-heading\" data-id=\"ff15245\" data-element_type=\"widget\" data-e-type=\"widget\" data-widget_type=\"heading.default\">\n\t\t\t\t\t<h1 class=\"elementor-heading-title elementor-size-default\">Azienda di licenze NCC a Murcia<\/h1>\t\t\t\t<\/div>\n\t\t\t\t<div class=\"elementor-element elementor-element-76825a7 elementor-widget elementor-widget-spacer\" data-id=\"76825a7\" data-element_type=\"widget\" data-e-type=\"widget\" data-widget_type=\"spacer.default\">\n\t\t\t\t\t\t\t<div class=\"elementor-spacer\">\n\t\t\t<div class=\"elementor-spacer-inner\"><\/div>\n\t\t<\/div>\n\t\t\t\t\t\t<\/div>\n\t\t\t\t\t<\/div>\n\t\t<\/header>\n\t\t\t\t\t<\/div>\n\t\t<\/section>\n\t\t\t\t<section class=\"elementor-section elementor-top-section elementor-element elementor-element-0d29590 elementor-section-boxed elementor-section-height-default elementor-section-height-default\" data-id=\"0d29590\" data-element_type=\"section\" data-e-type=\"section\">\n\t\t\t\t\t\t<div class=\"elementor-container elementor-column-gap-default\">\n\t\t\t\t\t<div class=\"elementor-column elementor-col-100 elementor-top-column elementor-element elementor-element-7688d5d\" data-id=\"7688d5d\" data-element_type=\"column\" data-e-type=\"column\">\n\t\t\t<div class=\"elementor-widget-wrap elementor-element-populated\">\n\t\t\t\t\t\t<div class=\"elementor-element elementor-element-d58ead0 elementor-widget elementor-widget-text-editor\" data-id=\"d58ead0\" data-element_type=\"widget\" data-e-type=\"widget\" data-widget_type=\"text-editor.default\">\n\t\t\t\t\t\t\t\t\t<p><strong>Moove Cars<\/strong> \u00e8 una delle principali <strong>aziende NCC<\/strong> in Spagna, con una sede nella citt\u00e0 di <strong>Murcia<\/strong>. Fin dai nostri inizi, abbiamo fornito un servizio ininterrotto, con personale altamente impegnato e professionale in tutte le localit\u00e0 in cui operiamo. Circa 60 colleghi lavorano in citt\u00e0 fornendo servizi di trasporto passeggeri.<\/p>\t\t\t\t\t\t\t\t<\/div>\n\t\t\t\t<div class=\"elementor-element elementor-element-ecb467a elementor-widget elementor-widget-heading\" data-id=\"ecb467a\" data-element_type=\"widget\" data-e-type=\"widget\" data-widget_type=\"heading.default\">\n\t\t\t\t\t<h2 class=\"elementor-heading-title elementor-size-default\">Trova Moove Cars a Murcia<\/h2>\t\t\t\t<\/div>\n\t\t\t\t<div class=\"elementor-element elementor-element-fb872af elementor-widget elementor-widget-text-editor\" data-id=\"fb872af\" data-element_type=\"widget\" data-e-type=\"widget\" data-widget_type=\"text-editor.default\">\n\t\t\t\t\t\t\t\t\t<p style=\"color: #035594;\"><span style=\"font-weight: bolder;\">Moove Cars Murcia<\/span> \u00e8 strategicamente situata molto vicino al centro della citt\u00e0, il che garantisce una domanda costante di servizi. Inoltre, possiamo offrire servizi di trasporto passeggeri in tutta la citt\u00e0, sia nel centro storico che nelle zone pi\u00f9 visitate come <span style=\"font-weight: bolder;\">azienda NCC.<\/span><\/p><p style=\"color: #035594;\">La nostra posizione ci consente di servire i clienti che arrivano in citt\u00e0 in treno, essendo a circa 11 minuti dalla stazione.<\/p><p style=\"color: #035594;\">La posizione della nostra base \u00e8 molto vicina alle zone commerciali, cos\u00ec come ai parchi della citt\u00e0. Si trova anche a pochi minuti dal centro di Murcia e relativamente accessibile all&#8217;area di Cartagena, nota per essere una localit\u00e0 portuale.<\/p>\t\t\t\t\t\t\t\t<\/div>\n\t\t\t\t<div class=\"elementor-element elementor-element-c93e806 elementor-widget elementor-widget-google_maps\" data-id=\"c93e806\" data-element_type=\"widget\" data-e-type=\"widget\" data-widget_type=\"google_maps.default\">\n\t\t\t\t\t\t\t<div class=\"elementor-custom-embed\">\n\t\t\t<iframe loading=\"lazy\"\n\t\t\t\t\tsrc=\"https:\/\/maps.google.com\/maps?q=Avenida%20de%20los%20Pinos%2C%20Av.%20Juan%20Carlos%20I%2C%2030009%20Murcia&#038;t=m&#038;z=14&#038;output=embed&#038;iwloc=near\"\n\t\t\t\t\ttitle=\"Avenida de los Pinos, Av. Juan Carlos I, 30009 Murcia\"\n\t\t\t\t\taria-label=\"Avenida de los Pinos, Av. Juan Carlos I, 30009 Murcia\"\n\t\t\t><\/iframe>\n\t\t<\/div>\n\t\t\t\t\t\t<\/div>\n\t\t\t\t<div class=\"elementor-element elementor-element-75bc638 elementor-widget elementor-widget-heading\" data-id=\"75bc638\" data-element_type=\"widget\" data-e-type=\"widget\" data-widget_type=\"heading.default\">\n\t\t\t\t\t<h2 class=\"elementor-heading-title elementor-size-default\">Esperti nella gestione di flotte e licenze NCC<\/h2>\t\t\t\t<\/div>\n\t\t\t\t<div class=\"elementor-element elementor-element-32e89ea elementor-widget elementor-widget-text-editor\" data-id=\"32e89ea\" data-element_type=\"widget\" data-e-type=\"widget\" data-widget_type=\"text-editor.default\">\n\t\t\t\t\t\t\t\t\t<p style=\"color: #035594;\">In qualit\u00e0 di gestori di <span style=\"font-weight: bold;\">licenze NCC <\/span>in Spagna, essendo leader nel settore, assumiamo persone appassionate di guida, che amano interagire con i clienti e che amano lavorare al volante.<\/p>\n<p style=\"color: #035594;\">I contratti in questa citt\u00e0 sono a tempo pieno con giorni di riposo fissi e contratti a tempo indeterminato per coprire tutta la domanda di viaggi.<\/p>\t\t\t\t\t\t\t\t<\/div>\n\t\t\t\t\t<\/div>\n\t\t<\/div>\n\t\t\t\t\t<\/div>\n\t\t<\/section>\n\t\t\t\t<\/div>\n\t\t","protected":false},"excerpt":{"rendered":"<p>Azienda di licenze NCC a Murcia Moove Cars \u00e8 una delle principali aziende NCC in Spagna, con una sede nella citt\u00e0 di Murcia. Fin dai nostri inizi, abbiamo fornito un servizio ininterrotto, con personale altamente impegnato e professionale in tutte le localit\u00e0 in cui operiamo. Circa 60 colleghi lavorano in citt\u00e0 fornendo servizi di trasporto [&hellip;]<\/p>\n","protected":false},"author":6,"featured_media":0,"parent":4197,"menu_order":0,"comment_status":"closed","ping_status":"closed","template":"","meta":{"_acf_changed":false,"footnotes":""},"class_list":["post-4591","page","type-page","status-publish","hentry"],"acf":[],"_links":{"self":[{"href":"https:\/\/dev.moovecars.com\/it\/wp-json\/wp\/v2\/pages\/4591","targetHints":{"allow":["GET"]}}],"collection":[{"href":"https:\/\/dev.moovecars.com\/it\/wp-json\/wp\/v2\/pages"}],"about":[{"href":"https:\/\/dev.moovecars.com\/it\/wp-json\/wp\/v2\/types\/page"}],"author":[{"embeddable":true,"href":"https:\/\/dev.moovecars.com\/it\/wp-json\/wp\/v2\/users\/6"}],"replies":[{"embeddable":true,"href":"https:\/\/dev.moovecars.com\/it\/wp-json\/wp\/v2\/comments?post=4591"}],"version-history":[{"count":0,"href":"https:\/\/dev.moovecars.com\/it\/wp-json\/wp\/v2\/pages\/4591\/revisions"}],"up":[{"embeddable":true,"href":"https:\/\/dev.moovecars.com\/it\/wp-json\/wp\/v2\/pages\/4197"}],"wp:attachment":[{"href":"https:\/\/dev.moovecars.com\/it\/wp-json\/wp\/v2\/media?parent=4591"}],"curies":[{"name":"wp","href":"https:\/\/api.w.org\/{rel}","templated":true}]}}