{"id":4430,"date":"2024-06-07T11:05:44","date_gmt":"2024-06-07T11:05:44","guid":{"rendered":"https:\/\/moovecars.com\/lavora-con-noi\/lavoro-autista-vtc-granada\/"},"modified":"2024-10-15T09:38:26","modified_gmt":"2024-10-15T09:38:26","slug":"lavoro-autista-ncc-granada","status":"publish","type":"page","link":"https:\/\/dev.moovecars.com\/it\/lavorare-ncc\/lavoro-autista-ncc-granada\/","title":{"rendered":"Lavoro autista NCC Granada"},"content":{"rendered":"\t\t<div data-elementor-type=\"wp-page\" data-elementor-id=\"4430\" class=\"elementor elementor-4430 elementor-3392\" data-elementor-post-type=\"page\">\n\t\t\t\t\t\t<section class=\"elementor-section elementor-top-section elementor-element elementor-element-d35a023 elementor-section-boxed elementor-section-height-default elementor-section-height-default\" data-id=\"d35a023\" data-element_type=\"section\" data-e-type=\"section\">\n\t\t\t\t\t\t<div class=\"elementor-container elementor-column-gap-default\">\n\t\t\t\t\t<header class=\"elementor-column elementor-col-100 elementor-top-column elementor-element elementor-element-3debdd3\" data-id=\"3debdd3\" data-element_type=\"column\" data-e-type=\"column\" data-settings=\"{&quot;background_background&quot;:&quot;classic&quot;}\">\n\t\t\t<div class=\"elementor-widget-wrap elementor-element-populated\">\n\t\t\t\t\t<div class=\"elementor-background-overlay\"><\/div>\n\t\t\t\t\t\t<div class=\"elementor-element elementor-element-4d888c8 elementor-widget elementor-widget-spacer\" data-id=\"4d888c8\" data-element_type=\"widget\" data-e-type=\"widget\" data-widget_type=\"spacer.default\">\n\t\t\t\t\t\t\t<div class=\"elementor-spacer\">\n\t\t\t<div class=\"elementor-spacer-inner\"><\/div>\n\t\t<\/div>\n\t\t\t\t\t\t<\/div>\n\t\t\t\t<div class=\"elementor-element elementor-element-f26cd8e elementor-widget elementor-widget-heading\" data-id=\"f26cd8e\" data-element_type=\"widget\" data-e-type=\"widget\" data-widget_type=\"heading.default\">\n\t\t\t\t\t<h1 class=\"elementor-heading-title elementor-size-default\">Lavora come autista NCC (Uber) a Granada <\/h1>\t\t\t\t<\/div>\n\t\t\t\t<div class=\"elementor-element elementor-element-a276d62 elementor-widget elementor-widget-spacer\" data-id=\"a276d62\" data-element_type=\"widget\" data-e-type=\"widget\" data-widget_type=\"spacer.default\">\n\t\t\t\t\t\t\t<div class=\"elementor-spacer\">\n\t\t\t<div class=\"elementor-spacer-inner\"><\/div>\n\t\t<\/div>\n\t\t\t\t\t\t<\/div>\n\t\t\t\t\t<\/div>\n\t\t<\/header>\n\t\t\t\t\t<\/div>\n\t\t<\/section>\n\t\t\t\t<section class=\"elementor-section elementor-top-section elementor-element elementor-element-d44db7d elementor-section-boxed elementor-section-height-default elementor-section-height-default\" data-id=\"d44db7d\" data-element_type=\"section\" data-e-type=\"section\">\n\t\t\t\t\t\t<div class=\"elementor-container elementor-column-gap-default\">\n\t\t\t\t\t<div class=\"elementor-column elementor-col-100 elementor-top-column elementor-element elementor-element-cbe9583\" data-id=\"cbe9583\" data-element_type=\"column\" data-e-type=\"column\">\n\t\t\t<div class=\"elementor-widget-wrap elementor-element-populated\">\n\t\t\t\t\t\t<div class=\"elementor-element elementor-element-22b153a elementor-widget elementor-widget-spacer\" data-id=\"22b153a\" data-element_type=\"widget\" data-e-type=\"widget\" data-widget_type=\"spacer.default\">\n\t\t\t\t\t\t\t<div class=\"elementor-spacer\">\n\t\t\t<div class=\"elementor-spacer-inner\"><\/div>\n\t\t<\/div>\n\t\t\t\t\t\t<\/div>\n\t\t\t\t<div class=\"elementor-element elementor-element-5be0df8 elementor-widget elementor-widget-heading\" data-id=\"5be0df8\" data-element_type=\"widget\" data-e-type=\"widget\" data-widget_type=\"heading.default\">\n\t\t\t\t\t<h2 class=\"elementor-heading-title elementor-size-default\">Offerte di lavoro come autista Uber a Granada<\/h2>\t\t\t\t<\/div>\n\t\t\t\t<div class=\"elementor-element elementor-element-30cf5f7 elementor-widget elementor-widget-text-editor\" data-id=\"30cf5f7\" data-element_type=\"widget\" data-e-type=\"widget\" data-widget_type=\"text-editor.default\">\n\t\t\t\t\t\t\t\t\t<p>A Granada, Moove Cars ha una delle sue basi, la terza nella regione andalusa, oltre alle altre nove in Spagna. Il profilo dell&#8217;autista NCC\u00a0richiesto in questa citt\u00e0 \u00e8 lo stesso delle altre citt\u00e0, ad eccezione di Madrid. Il contratto offerto \u00e8 a tempo indeterminato con stipendio fisso pi\u00f9 mance e con la possibilit\u00e0 di ottenere incentivi in base alla fatturazione.<\/p><p>Si tratta di un contratto di 40 ore settimanali con due giorni liberi a settimana, incluso un fine settimana ogni cinque. L&#8217;autista NCC\u00a0a Granada ha diritto a 30 giorni di ferie annuali, compensazione per i giorni festivi lavorati e la possibilit\u00e0 di guidare veicoli ibridi ed elettrici. Inoltre, per fornire supporto quotidiano, c&#8217;\u00e8 un team disponibile ogni giorno per assistere in qualsiasi necessit\u00e0 telematica.<\/p><p>Ai conducenti viene fornito un veicolo per 9 ore; successivamente devono restituirlo pulito e rifornito alla base in modo che il prossimo conducente possa lavorare. Per facilitare il lavoro degli autisti, \u00e8 disponibile un servizio di lavaggio e aspirazione convenzionato, carte carburante e un&#8217;officina vicino alla base. <span style=\"color: var( --e-global-color-text ); font-family: var( --e-global-typography-text-font-family ), Sans-serif; font-size: var( --e-global-typography-text-font-size ); font-weight: var( --e-global-typography-text-font-weight );\"><br \/><\/span><\/p><p>I requisiti per essere un autista NCC\u00a0a Granada sono: possedere una patente di guida da almeno un anno, avere almeno 6 punti sulla patente e avere tutta la documentazione necessaria per lavorare. Sono molto apprezzati l&#8217;impegno e la responsabilit\u00e0, offrire un servizio clienti eccellente, guidare in modo efficiente, sicuro e responsabile, oltre ad avere una buona padronanza delle applicazioni mobili.<\/p>\t\t\t\t\t\t\t\t<\/div>\n\t\t\t\t<div class=\"elementor-element elementor-element-a357380 elementor-widget elementor-widget-heading\" data-id=\"a357380\" data-element_type=\"widget\" data-e-type=\"widget\" data-widget_type=\"heading.default\">\n\t\t\t\t\t<h2 class=\"elementor-heading-title elementor-size-default\">Ti piacerebbe lavorare in Moove Cars come autista NCC?<\/h2>\t\t\t\t<\/div>\n\t\t\t\t<div class=\"elementor-element elementor-element-2952c60 elementor-widget elementor-widget-text-editor\" data-id=\"2952c60\" data-element_type=\"widget\" data-e-type=\"widget\" data-widget_type=\"text-editor.default\">\n\t\t\t\t\t\t\t\t\t<p>Se desideri lavorare con noi a Moove Cars Granada come autista NCC&nbsp;, non esitare a iscriverti alle nostre offerte di lavoro. Se non trovi un&#8217;offerta attiva, puoi inviarci il tuo curriculum affinch\u00e9 possiamo considerare la tua candidatura per future opportunit\u00e0 o per altre posizioni. Per qualsiasi domanda o suggerimento, non esitare a contattarci tramite il modulo disponibile nella sezione contatti del sito web.   <\/p>\n<p>Non vediamo l&#8217;ora di sentirti!<\/p>\t\t\t\t\t\t\t\t<\/div>\n\t\t\t\t<div class=\"elementor-element elementor-element-2f319b8 elementor-align-center elementor-widget__width-initial elementor-widget elementor-widget-button\" data-id=\"2f319b8\" data-element_type=\"widget\" data-e-type=\"widget\" data-widget_type=\"button.default\">\n\t\t\t\t\t\t\t\t\t\t<a class=\"elementor-button elementor-button-link elementor-size-sm\" href=\"https:\/\/moovecars.epreselec.com\/Ofertas\/Ofertas.aspx\">\n\t\t\t\t\t\t<span class=\"elementor-button-content-wrapper\">\n\t\t\t\t\t\t\t\t\t<span class=\"elementor-button-text\">VEDI LE OFFERTE<\/span>\n\t\t\t\t\t<\/span>\n\t\t\t\t\t<\/a>\n\t\t\t\t\t\t\t\t<\/div>\n\t\t\t\t<div class=\"elementor-element elementor-element-99f7973 elementor-align-center elementor-widget__width-initial elementor-widget elementor-widget-button\" data-id=\"99f7973\" data-element_type=\"widget\" data-e-type=\"widget\" data-widget_type=\"button.default\">\n\t\t\t\t\t\t\t\t\t\t<a class=\"elementor-button elementor-button-link elementor-size-sm\" href=\"https:\/\/moovecars.epreselec.com\/?id_idioma=1&#038;id_origen=web+corporativa\">\n\t\t\t\t\t\t<span class=\"elementor-button-content-wrapper\">\n\t\t\t\t\t\t\t\t\t<span class=\"elementor-button-text\">INVIA IL TUO C.V.<\/span>\n\t\t\t\t\t<\/span>\n\t\t\t\t\t<\/a>\n\t\t\t\t\t\t\t\t<\/div>\n\t\t\t\t\t<\/div>\n\t\t<\/div>\n\t\t\t\t\t<\/div>\n\t\t<\/section>\n\t\t\t\t<\/div>\n\t\t","protected":false},"excerpt":{"rendered":"<p>Lavora come autista NCC (Uber) a Granada Offerte di lavoro come autista Uber a Granada A Granada, Moove Cars ha una delle sue basi, la terza nella regione andalusa, oltre alle altre nove in Spagna. Il profilo dell&#8217;autista NCC\u00a0richiesto in questa citt\u00e0 \u00e8 lo stesso delle altre citt\u00e0, ad eccezione di Madrid. Il contratto offerto [&hellip;]<\/p>\n","protected":false},"author":6,"featured_media":0,"parent":4380,"menu_order":0,"comment_status":"closed","ping_status":"closed","template":"elementor_header_footer","meta":{"_acf_changed":false,"footnotes":""},"class_list":["post-4430","page","type-page","status-publish","hentry"],"acf":[],"_links":{"self":[{"href":"https:\/\/dev.moovecars.com\/it\/wp-json\/wp\/v2\/pages\/4430","targetHints":{"allow":["GET"]}}],"collection":[{"href":"https:\/\/dev.moovecars.com\/it\/wp-json\/wp\/v2\/pages"}],"about":[{"href":"https:\/\/dev.moovecars.com\/it\/wp-json\/wp\/v2\/types\/page"}],"author":[{"embeddable":true,"href":"https:\/\/dev.moovecars.com\/it\/wp-json\/wp\/v2\/users\/6"}],"replies":[{"embeddable":true,"href":"https:\/\/dev.moovecars.com\/it\/wp-json\/wp\/v2\/comments?post=4430"}],"version-history":[{"count":0,"href":"https:\/\/dev.moovecars.com\/it\/wp-json\/wp\/v2\/pages\/4430\/revisions"}],"up":[{"embeddable":true,"href":"https:\/\/dev.moovecars.com\/it\/wp-json\/wp\/v2\/pages\/4380"}],"wp:attachment":[{"href":"https:\/\/dev.moovecars.com\/it\/wp-json\/wp\/v2\/media?parent=4430"}],"curies":[{"name":"wp","href":"https:\/\/api.w.org\/{rel}","templated":true}]}}