{"id":4414,"date":"2024-06-05T14:06:37","date_gmt":"2024-06-05T14:06:37","guid":{"rendered":"https:\/\/moovecars.com\/lavora-con-noi\/lavoro-autista-vtc-barcellona\/"},"modified":"2024-10-15T09:35:15","modified_gmt":"2024-10-15T09:35:15","slug":"lavoro-autista-ncc-barcellona","status":"publish","type":"page","link":"https:\/\/dev.moovecars.com\/it\/lavorare-ncc\/lavoro-autista-ncc-barcellona\/","title":{"rendered":"Lavoro autista NCC Barcellona"},"content":{"rendered":"\t\t<div data-elementor-type=\"wp-page\" data-elementor-id=\"4414\" class=\"elementor elementor-4414 elementor-3325\" data-elementor-post-type=\"page\">\n\t\t\t\t\t\t<section class=\"elementor-section elementor-top-section elementor-element elementor-element-63fdf01 elementor-section-boxed elementor-section-height-default elementor-section-height-default\" data-id=\"63fdf01\" data-element_type=\"section\" data-e-type=\"section\">\n\t\t\t\t\t\t<div class=\"elementor-container elementor-column-gap-default\">\n\t\t\t\t\t<header class=\"elementor-column elementor-col-100 elementor-top-column elementor-element elementor-element-91a0635\" data-id=\"91a0635\" data-element_type=\"column\" data-e-type=\"column\" data-settings=\"{&quot;background_background&quot;:&quot;classic&quot;}\">\n\t\t\t<div class=\"elementor-widget-wrap elementor-element-populated\">\n\t\t\t\t\t<div class=\"elementor-background-overlay\"><\/div>\n\t\t\t\t\t\t<div class=\"elementor-element elementor-element-3759a36 elementor-widget elementor-widget-spacer\" data-id=\"3759a36\" data-element_type=\"widget\" data-e-type=\"widget\" data-widget_type=\"spacer.default\">\n\t\t\t\t\t\t\t<div class=\"elementor-spacer\">\n\t\t\t<div class=\"elementor-spacer-inner\"><\/div>\n\t\t<\/div>\n\t\t\t\t\t\t<\/div>\n\t\t\t\t<div class=\"elementor-element elementor-element-372dc43 elementor-widget elementor-widget-heading\" data-id=\"372dc43\" data-element_type=\"widget\" data-e-type=\"widget\" data-widget_type=\"heading.default\">\n\t\t\t\t\t<h1 class=\"elementor-heading-title elementor-size-default\">Lavoro autista NCC (Uber) a Barcellona<\/h1>\t\t\t\t<\/div>\n\t\t\t\t<div class=\"elementor-element elementor-element-ebdaf55 elementor-widget elementor-widget-spacer\" data-id=\"ebdaf55\" data-element_type=\"widget\" data-e-type=\"widget\" data-widget_type=\"spacer.default\">\n\t\t\t\t\t\t\t<div class=\"elementor-spacer\">\n\t\t\t<div class=\"elementor-spacer-inner\"><\/div>\n\t\t<\/div>\n\t\t\t\t\t\t<\/div>\n\t\t\t\t\t<\/div>\n\t\t<\/header>\n\t\t\t\t\t<\/div>\n\t\t<\/section>\n\t\t\t\t<section class=\"elementor-section elementor-top-section elementor-element elementor-element-52921f8 elementor-section-boxed elementor-section-height-default elementor-section-height-default\" data-id=\"52921f8\" data-element_type=\"section\" data-e-type=\"section\">\n\t\t\t\t\t\t<div class=\"elementor-container elementor-column-gap-default\">\n\t\t\t\t\t<div class=\"elementor-column elementor-col-100 elementor-top-column elementor-element elementor-element-1a8b0f5\" data-id=\"1a8b0f5\" data-element_type=\"column\" data-e-type=\"column\">\n\t\t\t<div class=\"elementor-widget-wrap elementor-element-populated\">\n\t\t\t\t\t\t<div class=\"elementor-element elementor-element-f2ca7e9 elementor-widget elementor-widget-spacer\" data-id=\"f2ca7e9\" data-element_type=\"widget\" data-e-type=\"widget\" data-widget_type=\"spacer.default\">\n\t\t\t\t\t\t\t<div class=\"elementor-spacer\">\n\t\t\t<div class=\"elementor-spacer-inner\"><\/div>\n\t\t<\/div>\n\t\t\t\t\t\t<\/div>\n\t\t\t\t<div class=\"elementor-element elementor-element-cc090ab elementor-widget elementor-widget-heading\" data-id=\"cc090ab\" data-element_type=\"widget\" data-e-type=\"widget\" data-widget_type=\"heading.default\">\n\t\t\t\t\t<h2 class=\"elementor-heading-title elementor-size-default\">Offerte di lavoro come autista Uber a Barcellona<\/h2>\t\t\t\t<\/div>\n\t\t\t\t\t<\/div>\n\t\t<\/div>\n\t\t\t\t\t<\/div>\n\t\t<\/section>\n\t\t\t\t<section class=\"elementor-section elementor-top-section elementor-element elementor-element-8f96a61 elementor-section-boxed elementor-section-height-default elementor-section-height-default\" data-id=\"8f96a61\" data-element_type=\"section\" data-e-type=\"section\">\n\t\t\t\t\t\t<div class=\"elementor-container elementor-column-gap-default\">\n\t\t\t\t\t<div class=\"elementor-column elementor-col-100 elementor-top-column elementor-element elementor-element-ce8360c\" data-id=\"ce8360c\" data-element_type=\"column\" data-e-type=\"column\">\n\t\t\t<div class=\"elementor-widget-wrap elementor-element-populated\">\n\t\t\t\t\t\t<div class=\"elementor-element elementor-element-c3feb69 elementor-widget elementor-widget-text-editor\" data-id=\"c3feb69\" data-element_type=\"widget\" data-e-type=\"widget\" data-widget_type=\"text-editor.default\">\n\t\t\t\t\t\t\t\t\t<p style=\"text-align: left;\"><img fetchpriority=\"high\" decoding=\"async\" class=\"alignnone size-full wp-image-693\" src=\"https:\/\/dev.moovecars.com\/wp-content\/uploads\/2023\/04\/cabecera_donde_estamos.jpg\" alt=\"\" width=\"1360\" height=\"250\" srcset=\"https:\/\/dev.moovecars.com\/wp-content\/uploads\/2023\/04\/cabecera_donde_estamos.jpg 1360w, https:\/\/dev.moovecars.com\/wp-content\/uploads\/2023\/04\/cabecera_donde_estamos-768x141.jpg 768w\" sizes=\"(max-width: 1360px) 100vw, 1360px\" \/><\/p><p style=\"text-align: left;\">Moove Cars ha una sede a Barcellona per la gestione della sua flotta nella citt\u00e0, fornendo servizi urbani e interurbani. In Moove Cars, ci distinguiamo per offrire una grande flessibilit\u00e0 di orari e turni in ogni localit\u00e0. Il contratto che offriamo in questa citt\u00e0 \u00e8 per un autista NCC a Barcellona per 40 ore settimanali, con due giorni di riposo e un fine settimana libero ogni 5 settimane.<\/p><p style=\"text-align: left;\">Il profilo degli autisti che vogliamo unire al nostro team \u00e8 quello di una persona entusiasta di guidare in zone urbane e interurbane, con facilit\u00e0 nei rapporti con i clienti. \u00c8 importante una buona conoscenza della guida di veicoli ibridi ed elettrici. Requisiti essenziali per diventare autista VTC includono almeno un anno di esperienza con la patente di guida, almeno 6 punti sulla patente e tutta la documentazione necessaria approvata per lavorare nel paese richiesto.<\/p><p style=\"text-align: left;\">In Moove Cars, abbiamo la flotta di veicoli pi\u00f9 ampia, con oltre 3.500 veicoli di tutte le gamme e tecnologie richieste dal mercato. Agli autisti viene fornito un veicolo per 9 ore, dopodich\u00e9 devono restituirlo pulito e rifornito alla base affinch\u00e9 il collega possa svolgere il suo lavoro. Per facilitare il lavoro degli autisti, mettiamo a disposizione un servizio di lavaggio e aspirazione convenzionato, carte carburante e un&#8217;officina vicino alla base. Inoltre, un team di persone \u00e8 disponibile ogni giorno, in modo continuo, per assistere gli autisti telematicamente in caso di necessit\u00e0.<\/p>\t\t\t\t\t\t\t\t<\/div>\n\t\t\t\t<div class=\"elementor-element elementor-element-0a189a3 elementor-widget elementor-widget-heading\" data-id=\"0a189a3\" data-element_type=\"widget\" data-e-type=\"widget\" data-widget_type=\"heading.default\">\n\t\t\t\t\t<h2 class=\"elementor-heading-title elementor-size-default\">Cerchi lavoro come autista NCC a Barcellona?<\/h2>\t\t\t\t<\/div>\n\t\t\t\t<div class=\"elementor-element elementor-element-22400e4 elementor-widget elementor-widget-text-editor\" data-id=\"22400e4\" data-element_type=\"widget\" data-e-type=\"widget\" data-widget_type=\"text-editor.default\">\n\t\t\t\t\t\t\t\t\t<p>Se vuoi lavorare come autista NCC a Barcellona, non esitare a candidarti alle nostre offerte o a inviarci il tuo curriculum, e se nessuna opzione ti convince, inviaci i tuoi dati tramite il modulo di contatto disponibile sul nostro sito.<\/p>\n<p>Non vediamo l&#8217;ora di sentirti!<\/p>\t\t\t\t\t\t\t\t<\/div>\n\t\t\t\t<div class=\"elementor-element elementor-element-e2771dd elementor-align-center elementor-widget__width-initial elementor-widget elementor-widget-button\" data-id=\"e2771dd\" data-element_type=\"widget\" data-e-type=\"widget\" data-widget_type=\"button.default\">\n\t\t\t\t\t\t\t\t\t\t<a class=\"elementor-button elementor-button-link elementor-size-sm\" href=\"https:\/\/moovecars.epreselec.com\/Ofertas\/Ofertas.aspx\">\n\t\t\t\t\t\t<span class=\"elementor-button-content-wrapper\">\n\t\t\t\t\t\t\t\t\t<span class=\"elementor-button-text\">VEDI LE OFFERTE<\/span>\n\t\t\t\t\t<\/span>\n\t\t\t\t\t<\/a>\n\t\t\t\t\t\t\t\t<\/div>\n\t\t\t\t<div class=\"elementor-element elementor-element-5236f8e elementor-align-center elementor-widget__width-initial elementor-widget elementor-widget-button\" data-id=\"5236f8e\" data-element_type=\"widget\" data-e-type=\"widget\" data-widget_type=\"button.default\">\n\t\t\t\t\t\t\t\t\t\t<a class=\"elementor-button elementor-button-link elementor-size-sm\" href=\"https:\/\/moovecars.epreselec.com\/?id_idioma=1&#038;id_origen=web+corporativa\">\n\t\t\t\t\t\t<span class=\"elementor-button-content-wrapper\">\n\t\t\t\t\t\t\t\t\t<span class=\"elementor-button-text\">INVIA IL TUO C.V.<\/span>\n\t\t\t\t\t<\/span>\n\t\t\t\t\t<\/a>\n\t\t\t\t\t\t\t\t<\/div>\n\t\t\t\t\t<\/div>\n\t\t<\/div>\n\t\t\t\t\t<\/div>\n\t\t<\/section>\n\t\t\t\t<\/div>\n\t\t","protected":false},"excerpt":{"rendered":"<p>Lavoro autista NCC (Uber) a Barcellona Offerte di lavoro come autista Uber a Barcellona Moove Cars ha una sede a Barcellona per la gestione della sua flotta nella citt\u00e0, fornendo servizi urbani e interurbani. In Moove Cars, ci distinguiamo per offrire una grande flessibilit\u00e0 di orari e turni in ogni localit\u00e0. Il contratto che offriamo [&hellip;]<\/p>\n","protected":false},"author":6,"featured_media":0,"parent":4380,"menu_order":0,"comment_status":"closed","ping_status":"closed","template":"elementor_header_footer","meta":{"_acf_changed":false,"footnotes":""},"class_list":["post-4414","page","type-page","status-publish","hentry"],"acf":[],"_links":{"self":[{"href":"https:\/\/dev.moovecars.com\/it\/wp-json\/wp\/v2\/pages\/4414","targetHints":{"allow":["GET"]}}],"collection":[{"href":"https:\/\/dev.moovecars.com\/it\/wp-json\/wp\/v2\/pages"}],"about":[{"href":"https:\/\/dev.moovecars.com\/it\/wp-json\/wp\/v2\/types\/page"}],"author":[{"embeddable":true,"href":"https:\/\/dev.moovecars.com\/it\/wp-json\/wp\/v2\/users\/6"}],"replies":[{"embeddable":true,"href":"https:\/\/dev.moovecars.com\/it\/wp-json\/wp\/v2\/comments?post=4414"}],"version-history":[{"count":0,"href":"https:\/\/dev.moovecars.com\/it\/wp-json\/wp\/v2\/pages\/4414\/revisions"}],"up":[{"embeddable":true,"href":"https:\/\/dev.moovecars.com\/it\/wp-json\/wp\/v2\/pages\/4380"}],"wp:attachment":[{"href":"https:\/\/dev.moovecars.com\/it\/wp-json\/wp\/v2\/media?parent=4414"}],"curies":[{"name":"wp","href":"https:\/\/api.w.org\/{rel}","templated":true}]}}