{"id":4345,"date":"2024-07-02T10:54:55","date_gmt":"2024-07-02T10:54:55","guid":{"rendered":"https:\/\/moovecars.com\/basi\/saragozza\/"},"modified":"2024-10-15T11:12:34","modified_gmt":"2024-10-15T11:12:34","slug":"saragozza","status":"publish","type":"page","link":"https:\/\/dev.moovecars.com\/it\/basi\/saragozza\/","title":{"rendered":"Saragozza"},"content":{"rendered":"\t\t<div data-elementor-type=\"wp-page\" data-elementor-id=\"4345\" class=\"elementor elementor-4345 elementor-3693\" data-elementor-post-type=\"page\">\n\t\t\t\t\t\t<section class=\"elementor-section elementor-top-section elementor-element elementor-element-3e63d6a elementor-section-boxed elementor-section-height-default elementor-section-height-default\" data-id=\"3e63d6a\" data-element_type=\"section\" data-e-type=\"section\">\n\t\t\t\t\t\t<div class=\"elementor-container elementor-column-gap-default\">\n\t\t\t\t\t<header class=\"elementor-column elementor-col-100 elementor-top-column elementor-element elementor-element-0c87fef\" data-id=\"0c87fef\" data-element_type=\"column\" data-e-type=\"column\" data-settings=\"{&quot;background_background&quot;:&quot;classic&quot;}\">\n\t\t\t<div class=\"elementor-widget-wrap elementor-element-populated\">\n\t\t\t\t\t<div class=\"elementor-background-overlay\"><\/div>\n\t\t\t\t\t\t<div class=\"elementor-element elementor-element-586da36 elementor-widget elementor-widget-spacer\" data-id=\"586da36\" data-element_type=\"widget\" data-e-type=\"widget\" data-widget_type=\"spacer.default\">\n\t\t\t\t\t\t\t<div class=\"elementor-spacer\">\n\t\t\t<div class=\"elementor-spacer-inner\"><\/div>\n\t\t<\/div>\n\t\t\t\t\t\t<\/div>\n\t\t\t\t<div class=\"elementor-element elementor-element-88756ac elementor-widget elementor-widget-heading\" data-id=\"88756ac\" data-element_type=\"widget\" data-e-type=\"widget\" data-widget_type=\"heading.default\">\n\t\t\t\t\t<h1 class=\"elementor-heading-title elementor-size-default\">Azienda di licenze NCC a Saragozza <\/h1>\t\t\t\t<\/div>\n\t\t\t\t<div class=\"elementor-element elementor-element-b5aa81a elementor-widget elementor-widget-spacer\" data-id=\"b5aa81a\" data-element_type=\"widget\" data-e-type=\"widget\" data-widget_type=\"spacer.default\">\n\t\t\t\t\t\t\t<div class=\"elementor-spacer\">\n\t\t\t<div class=\"elementor-spacer-inner\"><\/div>\n\t\t<\/div>\n\t\t\t\t\t\t<\/div>\n\t\t\t\t\t<\/div>\n\t\t<\/header>\n\t\t\t\t\t<\/div>\n\t\t<\/section>\n\t\t\t\t<section class=\"elementor-section elementor-top-section elementor-element elementor-element-ba52410 elementor-section-boxed elementor-section-height-default elementor-section-height-default\" data-id=\"ba52410\" data-element_type=\"section\" data-e-type=\"section\">\n\t\t\t\t\t\t<div class=\"elementor-container elementor-column-gap-default\">\n\t\t\t\t\t<div class=\"elementor-column elementor-col-100 elementor-top-column elementor-element elementor-element-ae5e2de\" data-id=\"ae5e2de\" data-element_type=\"column\" data-e-type=\"column\">\n\t\t\t<div class=\"elementor-widget-wrap elementor-element-populated\">\n\t\t\t\t\t\t<div class=\"elementor-element elementor-element-67224df elementor-widget elementor-widget-text-editor\" data-id=\"67224df\" data-element_type=\"widget\" data-e-type=\"widget\" data-widget_type=\"text-editor.default\">\n\t\t\t\t\t\t\t\t\t<p><strong>Moove Cars<\/strong> \u00e8 una delle principali <strong>aziende di NCC<\/strong> a <strong>Saragozza<\/strong>. Sin dai nostri inizi, abbiamo fornito un servizio ininterrotto con personale molto impegnato e professionale. Circa 100 colleghi lavorano in citt\u00e0.<\/p>\t\t\t\t\t\t\t\t<\/div>\n\t\t\t\t<div class=\"elementor-element elementor-element-7a942a0 elementor-widget elementor-widget-heading\" data-id=\"7a942a0\" data-element_type=\"widget\" data-e-type=\"widget\" data-widget_type=\"heading.default\">\n\t\t\t\t\t<h2 class=\"elementor-heading-title elementor-size-default\">Trova Moove Cars a Saragozza<\/h2>\t\t\t\t<\/div>\n\t\t\t\t<div class=\"elementor-element elementor-element-a9cb0a9 elementor-widget elementor-widget-text-editor\" data-id=\"a9cb0a9\" data-element_type=\"widget\" data-e-type=\"widget\" data-widget_type=\"text-editor.default\">\n\t\t\t\t\t\t\t\t\t<p><strong>Moove Cars Saragozza<\/strong> \u00e8 strategicamente situata molto vicino al centro citt\u00e0, il che garantisce una domanda costante di servizi. Inoltre, possiamo offrire servizi di trasferimento passeggeri in tutta la citt\u00e0, incluso il centro storico e le zone pi\u00f9 visitate come <strong>azienda di NCC.<\/strong><\/p><p>La nostra posizione ci consente di servire i clienti che arrivano in citt\u00e0 in treno o in aereo.<\/p>\t\t\t\t\t\t\t\t<\/div>\n\t\t\t\t<div class=\"elementor-element elementor-element-30accf6 elementor-widget elementor-widget-google_maps\" data-id=\"30accf6\" data-element_type=\"widget\" data-e-type=\"widget\" data-widget_type=\"google_maps.default\">\n\t\t\t\t\t\t\t<div class=\"elementor-custom-embed\">\n\t\t\t<iframe loading=\"lazy\"\n\t\t\t\t\tsrc=\"https:\/\/maps.google.com\/maps?q=Calle%20San%20Ignacio%20de%20Loyola%2C%208%2C%20%2050008%20Zaragoza&#038;t=m&#038;z=13&#038;output=embed&#038;iwloc=near\"\n\t\t\t\t\ttitle=\"Calle San Ignacio de Loyola, 8,  50008 Zaragoza\"\n\t\t\t\t\taria-label=\"Calle San Ignacio de Loyola, 8,  50008 Zaragoza\"\n\t\t\t><\/iframe>\n\t\t<\/div>\n\t\t\t\t\t\t<\/div>\n\t\t\t\t<div class=\"elementor-element elementor-element-2dc7255 elementor-widget elementor-widget-heading\" data-id=\"2dc7255\" data-element_type=\"widget\" data-e-type=\"widget\" data-widget_type=\"heading.default\">\n\t\t\t\t\t<h2 class=\"elementor-heading-title elementor-size-default\">Esperti nella gestione di flotte e licenze NCC<\/h2>\t\t\t\t<\/div>\n\t\t\t\t<div class=\"elementor-element elementor-element-642cd7e elementor-widget elementor-widget-text-editor\" data-id=\"642cd7e\" data-element_type=\"widget\" data-e-type=\"widget\" data-widget_type=\"text-editor.default\">\n\t\t\t\t\t\t\t\t\t<p>In qualit\u00e0 di gestori di <b>licenze NCC <\/b>in Spagna, essendo leader nel settore, assumiamo persone appassionate di guida, che amano interagire con i clienti e che amano lavorare al volante.<\/p>\n<p>I contratti in questa citt\u00e0 sono a tempo pieno con giorni di riposo fissi e contratti a tempo indeterminato per coprire tutta la domanda di viaggi.<\/p>\t\t\t\t\t\t\t\t<\/div>\n\t\t\t\t\t<\/div>\n\t\t<\/div>\n\t\t\t\t\t<\/div>\n\t\t<\/section>\n\t\t\t\t<\/div>\n\t\t","protected":false},"excerpt":{"rendered":"<p>Azienda di licenze NCC a Saragozza Moove Cars \u00e8 una delle principali aziende di NCC a Saragozza. Sin dai nostri inizi, abbiamo fornito un servizio ininterrotto con personale molto impegnato e professionale. Circa 100 colleghi lavorano in citt\u00e0. Trova Moove Cars a Saragozza Moove Cars Saragozza \u00e8 strategicamente situata molto vicino al centro citt\u00e0, il [&hellip;]<\/p>\n","protected":false},"author":6,"featured_media":0,"parent":4197,"menu_order":0,"comment_status":"closed","ping_status":"closed","template":"","meta":{"_acf_changed":false,"footnotes":""},"class_list":["post-4345","page","type-page","status-publish","hentry"],"acf":[],"_links":{"self":[{"href":"https:\/\/dev.moovecars.com\/it\/wp-json\/wp\/v2\/pages\/4345","targetHints":{"allow":["GET"]}}],"collection":[{"href":"https:\/\/dev.moovecars.com\/it\/wp-json\/wp\/v2\/pages"}],"about":[{"href":"https:\/\/dev.moovecars.com\/it\/wp-json\/wp\/v2\/types\/page"}],"author":[{"embeddable":true,"href":"https:\/\/dev.moovecars.com\/it\/wp-json\/wp\/v2\/users\/6"}],"replies":[{"embeddable":true,"href":"https:\/\/dev.moovecars.com\/it\/wp-json\/wp\/v2\/comments?post=4345"}],"version-history":[{"count":0,"href":"https:\/\/dev.moovecars.com\/it\/wp-json\/wp\/v2\/pages\/4345\/revisions"}],"up":[{"embeddable":true,"href":"https:\/\/dev.moovecars.com\/it\/wp-json\/wp\/v2\/pages\/4197"}],"wp:attachment":[{"href":"https:\/\/dev.moovecars.com\/it\/wp-json\/wp\/v2\/media?parent=4345"}],"curies":[{"name":"wp","href":"https:\/\/api.w.org\/{rel}","templated":true}]}}