{"id":4317,"date":"2024-07-17T11:46:00","date_gmt":"2024-07-17T11:46:00","guid":{"rendered":"https:\/\/moovecars.com\/basi\/santander\/"},"modified":"2025-01-20T14:46:05","modified_gmt":"2025-01-20T14:46:05","slug":"santander","status":"publish","type":"page","link":"https:\/\/dev.moovecars.com\/it\/basi\/santander\/","title":{"rendered":"Santander"},"content":{"rendered":"\t\t<div data-elementor-type=\"wp-page\" data-elementor-id=\"4317\" class=\"elementor elementor-4317 elementor-3910\" data-elementor-post-type=\"page\">\n\t\t\t\t\t\t<section class=\"elementor-section elementor-top-section elementor-element elementor-element-180e67d elementor-section-boxed elementor-section-height-default elementor-section-height-default\" data-id=\"180e67d\" data-element_type=\"section\" data-e-type=\"section\">\n\t\t\t\t\t\t<div class=\"elementor-container elementor-column-gap-default\">\n\t\t\t\t\t<header class=\"elementor-column elementor-col-100 elementor-top-column elementor-element elementor-element-c4b2a04\" data-id=\"c4b2a04\" data-element_type=\"column\" data-e-type=\"column\" data-settings=\"{&quot;background_background&quot;:&quot;classic&quot;}\">\n\t\t\t<div class=\"elementor-widget-wrap elementor-element-populated\">\n\t\t\t\t\t<div class=\"elementor-background-overlay\"><\/div>\n\t\t\t\t\t\t<div class=\"elementor-element elementor-element-b67ed46 elementor-widget elementor-widget-spacer\" data-id=\"b67ed46\" data-element_type=\"widget\" data-e-type=\"widget\" data-widget_type=\"spacer.default\">\n\t\t\t\t\t\t\t<div class=\"elementor-spacer\">\n\t\t\t<div class=\"elementor-spacer-inner\"><\/div>\n\t\t<\/div>\n\t\t\t\t\t\t<\/div>\n\t\t\t\t<div class=\"elementor-element elementor-element-1fae8a2 elementor-widget elementor-widget-heading\" data-id=\"1fae8a2\" data-element_type=\"widget\" data-e-type=\"widget\" data-widget_type=\"heading.default\">\n\t\t\t\t\t<h1 class=\"elementor-heading-title elementor-size-default\">Azienda di licenze NCC a Santander<\/h1>\t\t\t\t<\/div>\n\t\t\t\t<div class=\"elementor-element elementor-element-757c75f elementor-widget elementor-widget-spacer\" data-id=\"757c75f\" data-element_type=\"widget\" data-e-type=\"widget\" data-widget_type=\"spacer.default\">\n\t\t\t\t\t\t\t<div class=\"elementor-spacer\">\n\t\t\t<div class=\"elementor-spacer-inner\"><\/div>\n\t\t<\/div>\n\t\t\t\t\t\t<\/div>\n\t\t\t\t\t<\/div>\n\t\t<\/header>\n\t\t\t\t\t<\/div>\n\t\t<\/section>\n\t\t\t\t<section class=\"elementor-section elementor-top-section elementor-element elementor-element-76542d1 elementor-section-boxed elementor-section-height-default elementor-section-height-default\" data-id=\"76542d1\" data-element_type=\"section\" data-e-type=\"section\">\n\t\t\t\t\t\t<div class=\"elementor-container elementor-column-gap-default\">\n\t\t\t\t\t<div class=\"elementor-column elementor-col-100 elementor-top-column elementor-element elementor-element-68a8fe6\" data-id=\"68a8fe6\" data-element_type=\"column\" data-e-type=\"column\">\n\t\t\t<div class=\"elementor-widget-wrap elementor-element-populated\">\n\t\t\t\t\t\t<div class=\"elementor-element elementor-element-3c251b3 elementor-widget elementor-widget-text-editor\" data-id=\"3c251b3\" data-element_type=\"widget\" data-e-type=\"widget\" data-widget_type=\"text-editor.default\">\n\t\t\t\t\t\t\t\t\t<p>Moove Cars apre una nuova sede nella citt\u00e0 di Santander. Offriamo <strong>servizi di NCC<\/strong> per i residenti e i turisti di questa citt\u00e0 cantabrica.<\/p>\t\t\t\t\t\t\t\t<\/div>\n\t\t\t\t<div class=\"elementor-element elementor-element-ea0a694 elementor-widget elementor-widget-heading\" data-id=\"ea0a694\" data-element_type=\"widget\" data-e-type=\"widget\" data-widget_type=\"heading.default\">\n\t\t\t\t\t<h2 class=\"elementor-heading-title elementor-size-default\">Trova Moove Cars a Santander<\/h2>\t\t\t\t<\/div>\n\t\t\t\t<div class=\"elementor-element elementor-element-81a2ad7 elementor-widget elementor-widget-text-editor\" data-id=\"81a2ad7\" data-element_type=\"widget\" data-e-type=\"widget\" data-widget_type=\"text-editor.default\">\n\t\t\t\t\t\t\t\t\t<p><strong>Moove Cars Santander<\/strong> si trova nella zona centrale della citt\u00e0 per fornire un servizio eccellente e rapido. Nella nostra esperienza come <strong>azienda di NCC<\/strong>, lavoriamo con la piattaforma Uber per soddisfare tutta la domanda richiesta.<\/p><p>La nostra posizione ci consente di essere a pochi minuti dall&#8217;aeroporto e dalle aree pi\u00f9 turistiche e popolose della regione. In questo modo possiamo attraversare aree urbane e interurbane per trasportare i passeggeri.<\/p>\t\t\t\t\t\t\t\t<\/div>\n\t\t\t\t<div class=\"elementor-element elementor-element-d02763d elementor-widget elementor-widget-google_maps\" data-id=\"d02763d\" data-element_type=\"widget\" data-e-type=\"widget\" data-widget_type=\"google_maps.default\">\n\t\t\t\t\t\t\t<div class=\"elementor-custom-embed\">\n\t\t\t<iframe loading=\"lazy\"\n\t\t\t\t\tsrc=\"https:\/\/maps.google.com\/maps?q=C.%20Francisco%20Tom%C3%A1s%20y%20Valiente%2C%2039011%20Santander&#038;t=m&#038;z=12&#038;output=embed&#038;iwloc=near\"\n\t\t\t\t\ttitle=\"C. Francisco Tom\u00e1s y Valiente, 39011 Santander\"\n\t\t\t\t\taria-label=\"C. Francisco Tom\u00e1s y Valiente, 39011 Santander\"\n\t\t\t><\/iframe>\n\t\t<\/div>\n\t\t\t\t\t\t<\/div>\n\t\t\t\t<div class=\"elementor-element elementor-element-144452e elementor-widget elementor-widget-heading\" data-id=\"144452e\" data-element_type=\"widget\" data-e-type=\"widget\" data-widget_type=\"heading.default\">\n\t\t\t\t\t<h2 class=\"elementor-heading-title elementor-size-default\">Esperti nella gestione di flotte e licenze NCC<\/h2>\t\t\t\t<\/div>\n\t\t\t\t<div class=\"elementor-element elementor-element-29020ec elementor-widget elementor-widget-text-editor\" data-id=\"29020ec\" data-element_type=\"widget\" data-e-type=\"widget\" data-widget_type=\"text-editor.default\">\n\t\t\t\t\t\t\t\t\t<p>In qualit\u00e0 di gestori di <b>licenze NCC <\/b>in Spagna, essendo leader nel settore, assumiamo persone appassionate di guida, che amano interagire con i clienti e che amano lavorare al volante.<\/p>\n<p>In questo modo, possiamo percorrere sia le zone urbane che quelle interurbane per trasportare i passeggeri.<\/p>\t\t\t\t\t\t\t\t<\/div>\n\t\t\t\t<div class=\"elementor-element elementor-element-81897eb elementor-widget elementor-widget-spacer\" data-id=\"81897eb\" data-element_type=\"widget\" data-e-type=\"widget\" data-widget_type=\"spacer.default\">\n\t\t\t\t\t\t\t<div class=\"elementor-spacer\">\n\t\t\t<div class=\"elementor-spacer-inner\"><\/div>\n\t\t<\/div>\n\t\t\t\t\t\t<\/div>\n\t\t\t\t\t<\/div>\n\t\t<\/div>\n\t\t\t\t\t<\/div>\n\t\t<\/section>\n\t\t\t\t<\/div>\n\t\t","protected":false},"excerpt":{"rendered":"<p>Azienda di licenze NCC a Santander Moove Cars apre una nuova sede nella citt\u00e0 di Santander. Offriamo servizi di NCC per i residenti e i turisti di questa citt\u00e0 cantabrica. Trova Moove Cars a Santander Moove Cars Santander si trova nella zona centrale della citt\u00e0 per fornire un servizio eccellente e rapido. Nella nostra esperienza [&hellip;]<\/p>\n","protected":false},"author":6,"featured_media":0,"parent":4197,"menu_order":0,"comment_status":"closed","ping_status":"closed","template":"","meta":{"_acf_changed":false,"footnotes":""},"class_list":["post-4317","page","type-page","status-publish","hentry"],"acf":[],"_links":{"self":[{"href":"https:\/\/dev.moovecars.com\/it\/wp-json\/wp\/v2\/pages\/4317","targetHints":{"allow":["GET"]}}],"collection":[{"href":"https:\/\/dev.moovecars.com\/it\/wp-json\/wp\/v2\/pages"}],"about":[{"href":"https:\/\/dev.moovecars.com\/it\/wp-json\/wp\/v2\/types\/page"}],"author":[{"embeddable":true,"href":"https:\/\/dev.moovecars.com\/it\/wp-json\/wp\/v2\/users\/6"}],"replies":[{"embeddable":true,"href":"https:\/\/dev.moovecars.com\/it\/wp-json\/wp\/v2\/comments?post=4317"}],"version-history":[{"count":0,"href":"https:\/\/dev.moovecars.com\/it\/wp-json\/wp\/v2\/pages\/4317\/revisions"}],"up":[{"embeddable":true,"href":"https:\/\/dev.moovecars.com\/it\/wp-json\/wp\/v2\/pages\/4197"}],"wp:attachment":[{"href":"https:\/\/dev.moovecars.com\/it\/wp-json\/wp\/v2\/media?parent=4317"}],"curies":[{"name":"wp","href":"https:\/\/api.w.org\/{rel}","templated":true}]}}