{"id":4229,"date":"2024-07-02T10:39:33","date_gmt":"2024-07-02T10:39:33","guid":{"rendered":"https:\/\/moovecars.com\/basi\/bilbao\/"},"modified":"2024-10-15T10:10:47","modified_gmt":"2024-10-15T10:10:47","slug":"bilbao","status":"publish","type":"page","link":"https:\/\/dev.moovecars.com\/it\/basi\/bilbao\/","title":{"rendered":"Bilbao"},"content":{"rendered":"\t\t<div data-elementor-type=\"wp-page\" data-elementor-id=\"4229\" class=\"elementor elementor-4229 elementor-3664\" data-elementor-post-type=\"page\">\n\t\t\t\t\t\t<section class=\"elementor-section elementor-top-section elementor-element elementor-element-17983c8 elementor-section-boxed elementor-section-height-default elementor-section-height-default\" data-id=\"17983c8\" data-element_type=\"section\" data-e-type=\"section\">\n\t\t\t\t\t\t<div class=\"elementor-container elementor-column-gap-default\">\n\t\t\t\t\t<header class=\"elementor-column elementor-col-100 elementor-top-column elementor-element elementor-element-0a66405\" data-id=\"0a66405\" data-element_type=\"column\" data-e-type=\"column\" data-settings=\"{&quot;background_background&quot;:&quot;classic&quot;}\">\n\t\t\t<div class=\"elementor-widget-wrap elementor-element-populated\">\n\t\t\t\t\t<div class=\"elementor-background-overlay\"><\/div>\n\t\t\t\t\t\t<div class=\"elementor-element elementor-element-7902751 elementor-widget elementor-widget-spacer\" data-id=\"7902751\" data-element_type=\"widget\" data-e-type=\"widget\" data-widget_type=\"spacer.default\">\n\t\t\t\t\t\t\t<div class=\"elementor-spacer\">\n\t\t\t<div class=\"elementor-spacer-inner\"><\/div>\n\t\t<\/div>\n\t\t\t\t\t\t<\/div>\n\t\t\t\t<div class=\"elementor-element elementor-element-579d095 elementor-widget elementor-widget-heading\" data-id=\"579d095\" data-element_type=\"widget\" data-e-type=\"widget\" data-widget_type=\"heading.default\">\n\t\t\t\t\t<h1 class=\"elementor-heading-title elementor-size-default\">Azienda di licenze NCC a Bilbao <\/h1>\t\t\t\t<\/div>\n\t\t\t\t<div class=\"elementor-element elementor-element-d169653 elementor-widget elementor-widget-spacer\" data-id=\"d169653\" data-element_type=\"widget\" data-e-type=\"widget\" data-widget_type=\"spacer.default\">\n\t\t\t\t\t\t\t<div class=\"elementor-spacer\">\n\t\t\t<div class=\"elementor-spacer-inner\"><\/div>\n\t\t<\/div>\n\t\t\t\t\t\t<\/div>\n\t\t\t\t\t<\/div>\n\t\t<\/header>\n\t\t\t\t\t<\/div>\n\t\t<\/section>\n\t\t\t\t<section class=\"elementor-section elementor-top-section elementor-element elementor-element-caec4e1 elementor-section-boxed elementor-section-height-default elementor-section-height-default\" data-id=\"caec4e1\" data-element_type=\"section\" data-e-type=\"section\">\n\t\t\t\t\t\t<div class=\"elementor-container elementor-column-gap-default\">\n\t\t\t\t\t<div class=\"elementor-column elementor-col-100 elementor-top-column elementor-element elementor-element-6505044\" data-id=\"6505044\" data-element_type=\"column\" data-e-type=\"column\">\n\t\t\t<div class=\"elementor-widget-wrap elementor-element-populated\">\n\t\t\t\t\t\t<div class=\"elementor-element elementor-element-6f51e8e elementor-widget elementor-widget-text-editor\" data-id=\"6f51e8e\" data-element_type=\"widget\" data-e-type=\"widget\" data-widget_type=\"text-editor.default\">\n\t\t\t\t\t\t\t\t\t<p><span style=\"font-weight: bolder; color: #035594;\">Moove Cars<\/span> <span style=\"color: #035594;\">\u00e8 una delle principali<\/span> <span style=\"font-weight: bolder; color: #035594;\">aziende di NCC a Bilbao<\/span> <span style=\"color: #035594;\">Sin dai nostri inizi, abbiamo fornito un servizio ininterrotto con personale molto impegnato e professionale. Circa 150 colleghi lavorano in citt\u00e0.<\/span><\/p>\t\t\t\t\t\t\t\t<\/div>\n\t\t\t\t<div class=\"elementor-element elementor-element-4b4933d elementor-widget elementor-widget-heading\" data-id=\"4b4933d\" data-element_type=\"widget\" data-e-type=\"widget\" data-widget_type=\"heading.default\">\n\t\t\t\t\t<h2 class=\"elementor-heading-title elementor-size-default\">Trova Moove Cars a Bilbao<\/h2>\t\t\t\t<\/div>\n\t\t\t\t<div class=\"elementor-element elementor-element-bb8be9f elementor-widget elementor-widget-text-editor\" data-id=\"bb8be9f\" data-element_type=\"widget\" data-e-type=\"widget\" data-widget_type=\"text-editor.default\">\n\t\t\t\t\t\t\t\t\t<p style=\"color: #035594;\"><span style=\"font-weight: bolder;\">Moove Cars Bilbao<\/span> si trova nella zona di Getxo, una delle aree pi\u00f9 popolate dove possiamo fornire un servizio eccellente e rapido Nella nostra esperienza come <span style=\"font-weight: bolder;\">azienda di NCC<\/span>, lavoriamo con la piattaforma Uber per soddisfare tutta la domanda richiesta.<\/p><p style=\"color: #035594;\">La nostra posizione permette di essere a pochi minuti dall&#8217;aeroporto, dal centro citt\u00e0 e dalle localit\u00e0 turistiche pi\u00f9 visitate della regione. In questo modo possiamo attraversare aree urbane e interurbane per trasportare i passeggeri.<\/p>\t\t\t\t\t\t\t\t<\/div>\n\t\t\t\t<div class=\"elementor-element elementor-element-046bf2b elementor-widget elementor-widget-google_maps\" data-id=\"046bf2b\" data-element_type=\"widget\" data-e-type=\"widget\" data-widget_type=\"google_maps.default\">\n\t\t\t\t\t\t\t<div class=\"elementor-custom-embed\">\n\t\t\t<iframe loading=\"lazy\"\n\t\t\t\t\tsrc=\"https:\/\/maps.google.com\/maps?q=calle%20Bizkerre%20s%2Fn%2C%20Bilbao%2C%20%2048991%20Pa%C3%ADs%20Vasco&#038;t=m&#038;z=12&#038;output=embed&#038;iwloc=near\"\n\t\t\t\t\ttitle=\"calle Bizkerre s\/n, Bilbao,  48991 Pa\u00eds Vasco\"\n\t\t\t\t\taria-label=\"calle Bizkerre s\/n, Bilbao,  48991 Pa\u00eds Vasco\"\n\t\t\t><\/iframe>\n\t\t<\/div>\n\t\t\t\t\t\t<\/div>\n\t\t\t\t<div class=\"elementor-element elementor-element-9cb39df elementor-widget elementor-widget-heading\" data-id=\"9cb39df\" data-element_type=\"widget\" data-e-type=\"widget\" data-widget_type=\"heading.default\">\n\t\t\t\t\t<h2 class=\"elementor-heading-title elementor-size-default\">Esperti nella gestione di flotte e licenze NCC<\/h2>\t\t\t\t<\/div>\n\t\t\t\t<div class=\"elementor-element elementor-element-b3b5d04 elementor-widget elementor-widget-text-editor\" data-id=\"b3b5d04\" data-element_type=\"widget\" data-e-type=\"widget\" data-widget_type=\"text-editor.default\">\n\t\t\t\t\t\t\t\t\t<p style=\"color: #035594;\">In qualit\u00e0 di gestori di <span style=\"font-weight: bold;\">licenze NCC <\/span>in Spagna, essendo leader nel settore, assumiamo persone appassionate di guida, che amano interagire con i clienti e che amano lavorare al volante.<\/p>\n<p style=\"color: #035594;\">I contratti in questa citt\u00e0 sono a tempo pieno con giorni di riposo fissi e contratti di 40 ore per coprire tutte le richieste di viaggi esistenti in ogni momento.<\/p>\t\t\t\t\t\t\t\t<\/div>\n\t\t\t\t\t<\/div>\n\t\t<\/div>\n\t\t\t\t\t<\/div>\n\t\t<\/section>\n\t\t\t\t<\/div>\n\t\t","protected":false},"excerpt":{"rendered":"<p>Azienda di licenze NCC a Bilbao Moove Cars \u00e8 una delle principali aziende di NCC a Bilbao Sin dai nostri inizi, abbiamo fornito un servizio ininterrotto con personale molto impegnato e professionale. Circa 150 colleghi lavorano in citt\u00e0. Trova Moove Cars a Bilbao Moove Cars Bilbao si trova nella zona di Getxo, una delle aree [&hellip;]<\/p>\n","protected":false},"author":6,"featured_media":0,"parent":4197,"menu_order":0,"comment_status":"closed","ping_status":"closed","template":"","meta":{"_acf_changed":false,"footnotes":""},"class_list":["post-4229","page","type-page","status-publish","hentry"],"acf":[],"_links":{"self":[{"href":"https:\/\/dev.moovecars.com\/it\/wp-json\/wp\/v2\/pages\/4229","targetHints":{"allow":["GET"]}}],"collection":[{"href":"https:\/\/dev.moovecars.com\/it\/wp-json\/wp\/v2\/pages"}],"about":[{"href":"https:\/\/dev.moovecars.com\/it\/wp-json\/wp\/v2\/types\/page"}],"author":[{"embeddable":true,"href":"https:\/\/dev.moovecars.com\/it\/wp-json\/wp\/v2\/users\/6"}],"replies":[{"embeddable":true,"href":"https:\/\/dev.moovecars.com\/it\/wp-json\/wp\/v2\/comments?post=4229"}],"version-history":[{"count":0,"href":"https:\/\/dev.moovecars.com\/it\/wp-json\/wp\/v2\/pages\/4229\/revisions"}],"up":[{"embeddable":true,"href":"https:\/\/dev.moovecars.com\/it\/wp-json\/wp\/v2\/pages\/4197"}],"wp:attachment":[{"href":"https:\/\/dev.moovecars.com\/it\/wp-json\/wp\/v2\/media?parent=4229"}],"curies":[{"name":"wp","href":"https:\/\/api.w.org\/{rel}","templated":true}]}}