{"id":4453,"date":"2024-06-19T07:59:51","date_gmt":"2024-06-19T07:59:51","guid":{"rendered":"https:\/\/moovecars.com\/travailler-avec-nous\/emploi-de-chauffeur-le-week-end\/"},"modified":"2024-09-20T11:40:55","modified_gmt":"2024-09-20T11:40:55","slug":"emploi-de-chauffeur-le-week-end","status":"publish","type":"page","link":"https:\/\/dev.moovecars.com\/fr\/travailler-vtc\/emploi-de-chauffeur-le-week-end\/","title":{"rendered":"Emploi de chauffeur le week-end"},"content":{"rendered":"\t\t<div data-elementor-type=\"wp-page\" data-elementor-id=\"4453\" class=\"elementor elementor-4453 elementor-3473\" data-elementor-post-type=\"page\">\n\t\t\t\t\t\t<section class=\"elementor-section elementor-top-section elementor-element elementor-element-61a6363 elementor-section-boxed elementor-section-height-default elementor-section-height-default\" data-id=\"61a6363\" data-element_type=\"section\" data-e-type=\"section\">\n\t\t\t\t\t\t<div class=\"elementor-container elementor-column-gap-default\">\n\t\t\t\t\t<header class=\"elementor-column elementor-col-100 elementor-top-column elementor-element elementor-element-499aa39\" data-id=\"499aa39\" data-element_type=\"column\" data-e-type=\"column\" data-settings=\"{&quot;background_background&quot;:&quot;classic&quot;}\">\n\t\t\t<div class=\"elementor-widget-wrap elementor-element-populated\">\n\t\t\t\t\t<div class=\"elementor-background-overlay\"><\/div>\n\t\t\t\t\t\t<div class=\"elementor-element elementor-element-e7453f2 elementor-widget elementor-widget-spacer\" data-id=\"e7453f2\" data-element_type=\"widget\" data-e-type=\"widget\" data-widget_type=\"spacer.default\">\n\t\t\t\t\t\t\t<div class=\"elementor-spacer\">\n\t\t\t<div class=\"elementor-spacer-inner\"><\/div>\n\t\t<\/div>\n\t\t\t\t\t\t<\/div>\n\t\t\t\t<div class=\"elementor-element elementor-element-bbcf001 elementor-widget elementor-widget-heading\" data-id=\"bbcf001\" data-element_type=\"widget\" data-e-type=\"widget\" data-widget_type=\"heading.default\">\n\t\t\t\t\t<h1 class=\"elementor-heading-title elementor-size-default\">Emploi de chauffeur VTC le week-end<\/h1>\t\t\t\t<\/div>\n\t\t\t\t<div class=\"elementor-element elementor-element-23da5c9 elementor-widget elementor-widget-spacer\" data-id=\"23da5c9\" data-element_type=\"widget\" data-e-type=\"widget\" data-widget_type=\"spacer.default\">\n\t\t\t\t\t\t\t<div class=\"elementor-spacer\">\n\t\t\t<div class=\"elementor-spacer-inner\"><\/div>\n\t\t<\/div>\n\t\t\t\t\t\t<\/div>\n\t\t\t\t\t<\/div>\n\t\t<\/header>\n\t\t\t\t\t<\/div>\n\t\t<\/section>\n\t\t\t\t<section class=\"elementor-section elementor-top-section elementor-element elementor-element-f2f43b4 elementor-section-boxed elementor-section-height-default elementor-section-height-default\" data-id=\"f2f43b4\" data-element_type=\"section\" data-e-type=\"section\">\n\t\t\t\t\t\t<div class=\"elementor-container elementor-column-gap-default\">\n\t\t\t\t\t<div class=\"elementor-column elementor-col-100 elementor-top-column elementor-element elementor-element-336bfb6\" data-id=\"336bfb6\" data-element_type=\"column\" data-e-type=\"column\">\n\t\t\t<div class=\"elementor-widget-wrap elementor-element-populated\">\n\t\t\t\t\t\t<div class=\"elementor-element elementor-element-9e5c96d elementor-widget elementor-widget-spacer\" data-id=\"9e5c96d\" data-element_type=\"widget\" data-e-type=\"widget\" data-widget_type=\"spacer.default\">\n\t\t\t\t\t\t\t<div class=\"elementor-spacer\">\n\t\t\t<div class=\"elementor-spacer-inner\"><\/div>\n\t\t<\/div>\n\t\t\t\t\t\t<\/div>\n\t\t\t\t<div class=\"elementor-element elementor-element-f09dae1 elementor-widget elementor-widget-heading\" data-id=\"f09dae1\" data-element_type=\"widget\" data-e-type=\"widget\" data-widget_type=\"heading.default\">\n\t\t\t\t\t<h2 class=\"elementor-heading-title elementor-size-default\">Emploi de chauffeur Uber le week-end<\/h2>\t\t\t\t<\/div>\n\t\t\t\t<div class=\"elementor-element elementor-element-39ebeec elementor-widget elementor-widget-text-editor\" data-id=\"39ebeec\" data-element_type=\"widget\" data-e-type=\"widget\" data-widget_type=\"text-editor.default\">\n\t\t\t\t\t\t\t\t\t<p>Chez Moove Cars, nous g\u00e9rons les licences de v\u00e9hicules en Espagne. Nous avons une flotte de plus de 3 500 v\u00e9hicules circulant dans les diff\u00e9rentes villes o\u00f9 nous sommes pr\u00e9sents. Chaque ann\u00e9e, nous continuons d\u2019augmenter notre personnel. Nous nous effor\u00e7ons de nous adapter aux besoins du march\u00e9 en prenant en compte les demandes des candidats potentiels souhaitant travailler comme chauffeur VTC.  &nbsp;<\/p>\n<p>Pendant les p\u00e9riodes de forte demande, comme l&rsquo;\u00e9t\u00e9, nous proposons diff\u00e9rents contrats dans certaines villes, comme c&rsquo;est le cas \u00e0 Madrid. Les contrats de chauffeur VTC le week-end sont destin\u00e9s \u00e0 la capitale espagnole pour attirer ceux qui souhaitent cumuler des emplois ou gagner un revenu suppl\u00e9mentaire en travaillant quelques heures. Ces contrats sont de 16 heures par semaine, en travaillant uniquement le samedi et le dimanche, 9 heures par jour (8 heures effectives plus une heure de pause). Les contrats sont \u00e0 dur\u00e9e ind\u00e9termin\u00e9e, avec un salaire fixe, plus des pourboires, des primes de nuit et des variables en fonction de la facturation.   <\/p><p><span style=\"color: var( --e-global-color-primary ); font-family: var( --e-global-typography-text-font-family ), Sans-serif; font-size: var( --e-global-typography-text-font-size ); font-weight: var( --e-global-typography-text-font-weight );\">Le chauffeur se voit attribuer un v\u00e9hicule pendant 9 heures, qu&rsquo;il doit ensuite laisser propre et faire le plein \u00e0 la base pour que son coll\u00e8gue puisse faire son travail. Pour faciliter le travail des chauffeurs, un service de lavage et d&rsquo;aspiration est mis \u00e0 leur disposition, ainsi que des cartes de carburant et des ateliers proches de la base. De plus, une \u00e9quipe les assiste tous les jours de mani\u00e8re continue en cas de besoin via des moyens t\u00e9l\u00e9matiques.  <\/span><\/p>\t\t\t\t\t\t\t\t<\/div>\n\t\t\t\t<div class=\"elementor-element elementor-element-674525e elementor-widget elementor-widget-heading\" data-id=\"674525e\" data-element_type=\"widget\" data-e-type=\"widget\" data-widget_type=\"heading.default\">\n\t\t\t\t\t<h2 class=\"elementor-heading-title elementor-size-default\">Quels profils de chauffeurs VTC recherchons-nous pour le week-end ?<\/h2>\t\t\t\t<\/div>\n\t\t\t\t<div class=\"elementor-element elementor-element-8dbe206 elementor-widget elementor-widget-text-editor\" data-id=\"8dbe206\" data-element_type=\"widget\" data-e-type=\"widget\" data-widget_type=\"text-editor.default\">\n\t\t\t\t\t\t\t\t\t<p>Dans toutes les villes, nous cherchons \u00e0 int\u00e9grer dans notre \u00e9quipe des personnes enthousiastes pour conduire dans des zones urbaines et interurbaines en offrant un bon service client, avec une exp\u00e9rience dans la conduite de v\u00e9hicules hybrides et \u00e9lectriques. Les exigences indispensables pour \u00eatre chauffeur VTC le week-end sont d&rsquo;avoir un permis de conduire avec au moins deux ans d&rsquo;anciennet\u00e9, un minimum de 6 points, et toute la documentation n\u00e9cessaire pour travailler. <\/p>\n\t\t\t\t\t\t\t\t<\/div>\n\t\t\t\t<div class=\"elementor-element elementor-element-06ef0f8 elementor-widget elementor-widget-heading\" data-id=\"06ef0f8\" data-element_type=\"widget\" data-e-type=\"widget\" data-widget_type=\"heading.default\">\n\t\t\t\t\t<h2 class=\"elementor-heading-title elementor-size-default\">Vous voulez travailler comme chauffeur le week-end ?<\/h2>\t\t\t\t<\/div>\n\t\t\t\t<div class=\"elementor-element elementor-element-3ed6256 elementor-widget elementor-widget-text-editor\" data-id=\"3ed6256\" data-element_type=\"widget\" data-e-type=\"widget\" data-widget_type=\"text-editor.default\">\n\t\t\t\t\t\t\t\t\t<p>Si vous souhaitez travailler avec nous \u00e0 Moove Cars Madrid comme chauffeur VTC le week-end, n&rsquo;h\u00e9sitez pas \u00e0 consulter nos offres. Vous pouvez \u00e9galement nous envoyer votre CV pour que nous puissions prendre en compte votre profil lorsque de nouveaux postes seront disponibles. Si vous souhaitez postuler \u00e0 d&rsquo;autres postes ou si aucune option pr\u00e9c\u00e9dente ne vous convainc, envoyez-nous vos informations via le formulaire de contact disponible sur notre site web.  <\/p>\n<p>Nous avons h\u00e2te de vous entendre !<\/p>\n\t\t\t\t\t\t\t\t<\/div>\n\t\t\t\t<div class=\"elementor-element elementor-element-f20451b elementor-align-center elementor-widget__width-initial elementor-widget elementor-widget-button\" data-id=\"f20451b\" data-element_type=\"widget\" data-e-type=\"widget\" data-widget_type=\"button.default\">\n\t\t\t\t\t\t\t\t\t\t<a class=\"elementor-button elementor-button-link elementor-size-sm\" href=\"https:\/\/moovecars.epreselec.com\/Ofertas\/Ofertas.aspx\">\n\t\t\t\t\t\t<span class=\"elementor-button-content-wrapper\">\n\t\t\t\t\t\t\t\t\t<span class=\"elementor-button-text\">VOIR LES OFFRES<\/span>\n\t\t\t\t\t<\/span>\n\t\t\t\t\t<\/a>\n\t\t\t\t\t\t\t\t<\/div>\n\t\t\t\t<div class=\"elementor-element elementor-element-e132620 elementor-align-center elementor-widget__width-initial elementor-widget elementor-widget-button\" data-id=\"e132620\" data-element_type=\"widget\" data-e-type=\"widget\" data-widget_type=\"button.default\">\n\t\t\t\t\t\t\t\t\t\t<a class=\"elementor-button elementor-button-link elementor-size-sm\" href=\"https:\/\/moovecars.epreselec.com\/?id_idioma=1&#038;id_origen=web+corporativa\">\n\t\t\t\t\t\t<span class=\"elementor-button-content-wrapper\">\n\t\t\t\t\t\t\t\t\t<span class=\"elementor-button-text\">D\u00c9POSEZ VOTRE C.V.<\/span>\n\t\t\t\t\t<\/span>\n\t\t\t\t\t<\/a>\n\t\t\t\t\t\t\t\t<\/div>\n\t\t\t\t\t<\/div>\n\t\t<\/div>\n\t\t\t\t\t<\/div>\n\t\t<\/section>\n\t\t\t\t<\/div>\n\t\t","protected":false},"excerpt":{"rendered":"<p>Emploi de chauffeur VTC le week-end Emploi de chauffeur Uber le week-end Chez Moove Cars, nous g\u00e9rons les licences de v\u00e9hicules en Espagne. Nous avons une flotte de plus de 3 500 v\u00e9hicules circulant dans les diff\u00e9rentes villes o\u00f9 nous sommes pr\u00e9sents. Chaque ann\u00e9e, nous continuons d\u2019augmenter notre personnel. Nous nous effor\u00e7ons de nous adapter [&hellip;]<\/p>\n","protected":false},"author":6,"featured_media":0,"parent":4378,"menu_order":0,"comment_status":"closed","ping_status":"closed","template":"","meta":{"_acf_changed":false,"footnotes":""},"class_list":["post-4453","page","type-page","status-publish","hentry"],"acf":[],"_links":{"self":[{"href":"https:\/\/dev.moovecars.com\/fr\/wp-json\/wp\/v2\/pages\/4453","targetHints":{"allow":["GET"]}}],"collection":[{"href":"https:\/\/dev.moovecars.com\/fr\/wp-json\/wp\/v2\/pages"}],"about":[{"href":"https:\/\/dev.moovecars.com\/fr\/wp-json\/wp\/v2\/types\/page"}],"author":[{"embeddable":true,"href":"https:\/\/dev.moovecars.com\/fr\/wp-json\/wp\/v2\/users\/6"}],"replies":[{"embeddable":true,"href":"https:\/\/dev.moovecars.com\/fr\/wp-json\/wp\/v2\/comments?post=4453"}],"version-history":[{"count":0,"href":"https:\/\/dev.moovecars.com\/fr\/wp-json\/wp\/v2\/pages\/4453\/revisions"}],"up":[{"embeddable":true,"href":"https:\/\/dev.moovecars.com\/fr\/wp-json\/wp\/v2\/pages\/4378"}],"wp:attachment":[{"href":"https:\/\/dev.moovecars.com\/fr\/wp-json\/wp\/v2\/media?parent=4453"}],"curies":[{"name":"wp","href":"https:\/\/api.w.org\/{rel}","templated":true}]}}