{"id":4384,"date":"2024-06-07T11:11:13","date_gmt":"2024-06-07T11:11:13","guid":{"rendered":"https:\/\/moovecars.com\/travailler-avec-nous\/emploi-vtc-majorque\/"},"modified":"2024-08-06T15:01:51","modified_gmt":"2024-08-06T15:01:51","slug":"emploi-vtc-majorque","status":"publish","type":"page","link":"https:\/\/dev.moovecars.com\/fr\/travailler-vtc\/emploi-vtc-majorque\/","title":{"rendered":"Emploi VTC Majorque"},"content":{"rendered":"\t\t<div data-elementor-type=\"wp-page\" data-elementor-id=\"4384\" class=\"elementor elementor-4384 elementor-3402\" data-elementor-post-type=\"page\">\n\t\t\t\t\t\t<section class=\"elementor-section elementor-top-section elementor-element elementor-element-d42cb2c elementor-section-boxed elementor-section-height-default elementor-section-height-default\" data-id=\"d42cb2c\" data-element_type=\"section\" data-e-type=\"section\">\n\t\t\t\t\t\t<div class=\"elementor-container elementor-column-gap-default\">\n\t\t\t\t\t<header class=\"elementor-column elementor-col-100 elementor-top-column elementor-element elementor-element-a3a625e\" data-id=\"a3a625e\" data-element_type=\"column\" data-e-type=\"column\" data-settings=\"{&quot;background_background&quot;:&quot;classic&quot;}\">\n\t\t\t<div class=\"elementor-widget-wrap elementor-element-populated\">\n\t\t\t\t\t<div class=\"elementor-background-overlay\"><\/div>\n\t\t\t\t\t\t<div class=\"elementor-element elementor-element-b9cdc53 elementor-widget elementor-widget-spacer\" data-id=\"b9cdc53\" data-element_type=\"widget\" data-e-type=\"widget\" data-widget_type=\"spacer.default\">\n\t\t\t\t\t\t\t<div class=\"elementor-spacer\">\n\t\t\t<div class=\"elementor-spacer-inner\"><\/div>\n\t\t<\/div>\n\t\t\t\t\t\t<\/div>\n\t\t\t\t<div class=\"elementor-element elementor-element-e3fa8d1 elementor-widget elementor-widget-heading\" data-id=\"e3fa8d1\" data-element_type=\"widget\" data-e-type=\"widget\" data-widget_type=\"heading.default\">\n\t\t\t\t\t<h1 class=\"elementor-heading-title elementor-size-default\">Travaillez comme chauffeur VTC (Uber) \u00e0 Majorque <\/h1>\t\t\t\t<\/div>\n\t\t\t\t<div class=\"elementor-element elementor-element-7cf7dbd elementor-widget elementor-widget-spacer\" data-id=\"7cf7dbd\" data-element_type=\"widget\" data-e-type=\"widget\" data-widget_type=\"spacer.default\">\n\t\t\t\t\t\t\t<div class=\"elementor-spacer\">\n\t\t\t<div class=\"elementor-spacer-inner\"><\/div>\n\t\t<\/div>\n\t\t\t\t\t\t<\/div>\n\t\t\t\t\t<\/div>\n\t\t<\/header>\n\t\t\t\t\t<\/div>\n\t\t<\/section>\n\t\t\t\t<section class=\"elementor-section elementor-top-section elementor-element elementor-element-f1585d0 elementor-section-boxed elementor-section-height-default elementor-section-height-default\" data-id=\"f1585d0\" data-element_type=\"section\" data-e-type=\"section\">\n\t\t\t\t\t\t<div class=\"elementor-container elementor-column-gap-default\">\n\t\t\t\t\t<div class=\"elementor-column elementor-col-100 elementor-top-column elementor-element elementor-element-24d9ca0\" data-id=\"24d9ca0\" data-element_type=\"column\" data-e-type=\"column\">\n\t\t\t<div class=\"elementor-widget-wrap elementor-element-populated\">\n\t\t\t\t\t\t<div class=\"elementor-element elementor-element-d4761f5 elementor-widget elementor-widget-spacer\" data-id=\"d4761f5\" data-element_type=\"widget\" data-e-type=\"widget\" data-widget_type=\"spacer.default\">\n\t\t\t\t\t\t\t<div class=\"elementor-spacer\">\n\t\t\t<div class=\"elementor-spacer-inner\"><\/div>\n\t\t<\/div>\n\t\t\t\t\t\t<\/div>\n\t\t\t\t<div class=\"elementor-element elementor-element-9e3d765 elementor-widget elementor-widget-heading\" data-id=\"9e3d765\" data-element_type=\"widget\" data-e-type=\"widget\" data-widget_type=\"heading.default\">\n\t\t\t\t\t<h2 class=\"elementor-heading-title elementor-size-default\">Offres d'emploi de chauffeur VTC \u00e0 Majorque - Moove Cars<\/h2>\t\t\t\t<\/div>\n\t\t\t\t<div class=\"elementor-element elementor-element-7755513 elementor-widget elementor-widget-text-editor\" data-id=\"7755513\" data-element_type=\"widget\" data-e-type=\"widget\" data-widget_type=\"text-editor.default\">\n\t\t\t\t\t\t\t\t\t<p>Moove Cars poss\u00e8de une base \u00e0 Majorque pour la gestion de sa flotte \u00e0 travers la ville. Chez Moove Cars, nous sommes connus pour offrir une grande flexibilit\u00e9 dans les horaires et les rotations dans chaque localit\u00e9. &nbsp; Le contrat que nous proposons dans cette ville est celui de chauffeur VTC \u00e0 Majorque pour 40 heures par semaine, avec deux jours de cong\u00e9 et un week-end tous les 5 semaines.<\/p>\n<p>Le profil des chauffeurs que nous voulons int\u00e9grer \u00e0 notre \u00e9quipe est celui d&rsquo;une personne passionn\u00e9e par la conduite en zones urbaines et p\u00e9riurbaines, capable de bien g\u00e9rer son temps lors des p\u00e9riodes de forte demande en raison de l&rsquo;afflux important de touristes que la ville re\u00e7oit. Par cons\u00e9quent, le chauffeur VTC \u00e0 Majorque doit \u00eatre capable de traiter avec des clients de diff\u00e9rents endroits. Une bonne ma\u00eetrise des v\u00e9hicules hybrides et \u00e9lectriques est requise. Les exigences essentielles pour devenir chauffeur VTC incluent au moins un an d&rsquo;exp\u00e9rience de conduite, un minimum de 6 points sur le permis de conduire et toute la documentation requise pour travailler dans le pays.  <\/p>\n<p>Chez Moove Cars, nous avons la plus grande flotte de v\u00e9hicules, avec plus de 3 500 v\u00e9hicules de toutes les gammes et technologies demand\u00e9es par le march\u00e9. Les chauffeurs disposent d&rsquo;un v\u00e9hicule pendant 9 heures ; ensuite, ils doivent le rendre propre et ravitaill\u00e9 \u00e0 la base pour que le prochain chauffeur puisse travailler. Pour faciliter le travail des chauffeurs, nous proposons un service de lavage et d&rsquo;aspiration sur rendez-vous, des cartes carburant et des ateliers \u00e0 proximit\u00e9. De plus, une \u00e9quipe est disponible tous les jours, en continu, pour aider les chauffeurs \u00e0 distance pour tout besoin.   <\/p>\t\t\t\t\t\t\t\t<\/div>\n\t\t\t\t\t<\/div>\n\t\t<\/div>\n\t\t\t\t\t<\/div>\n\t\t<\/section>\n\t\t\t\t<section class=\"elementor-section elementor-top-section elementor-element elementor-element-94ebe4c elementor-section-boxed elementor-section-height-default elementor-section-height-default\" data-id=\"94ebe4c\" data-element_type=\"section\" data-e-type=\"section\">\n\t\t\t\t\t\t<div class=\"elementor-container elementor-column-gap-default\">\n\t\t\t\t\t<div class=\"elementor-column elementor-col-100 elementor-top-column elementor-element elementor-element-356cc2a\" data-id=\"356cc2a\" data-element_type=\"column\" data-e-type=\"column\">\n\t\t\t<div class=\"elementor-widget-wrap elementor-element-populated\">\n\t\t\t\t\t\t<div class=\"elementor-element elementor-element-f9d552c elementor-widget elementor-widget-heading\" data-id=\"f9d552c\" data-element_type=\"widget\" data-e-type=\"widget\" data-widget_type=\"heading.default\">\n\t\t\t\t\t<h2 class=\"elementor-heading-title elementor-size-default\">Vous souhaitez travailler comme chauffeur VTC \u00e0 Majorque ?<\/h2>\t\t\t\t<\/div>\n\t\t\t\t<div class=\"elementor-element elementor-element-1bcd2cd elementor-widget elementor-widget-text-editor\" data-id=\"1bcd2cd\" data-element_type=\"widget\" data-e-type=\"widget\" data-widget_type=\"text-editor.default\">\n\t\t\t\t\t\t\t\t\t<p>Si vous souhaitez travailler avec nous chez Moove Cars Majorque en tant que chauffeur VTC, n&rsquo;h\u00e9sitez pas \u00e0 postuler \u00e0 nos offres. Vous pouvez \u00e9galement soumettre votre CV si vous \u00eates int\u00e9ress\u00e9 par d&rsquo;autres postes. Si aucune des options ci-dessus ne vous convient, envoyez-nous vos coordonn\u00e9es via le formulaire de contact sur le site Web. <\/p>\n<p>Nous avons h\u00e2te de vous entendre !<\/p>\t\t\t\t\t\t\t\t<\/div>\n\t\t\t\t<div class=\"elementor-element elementor-element-a569c2f elementor-align-center elementor-widget__width-initial elementor-widget elementor-widget-button\" data-id=\"a569c2f\" data-element_type=\"widget\" data-e-type=\"widget\" data-widget_type=\"button.default\">\n\t\t\t\t\t\t\t\t\t\t<a class=\"elementor-button elementor-button-link elementor-size-sm\" href=\"https:\/\/moovecars.epreselec.com\/Ofertas\/Ofertas.aspx\">\n\t\t\t\t\t\t<span class=\"elementor-button-content-wrapper\">\n\t\t\t\t\t\t\t\t\t<span class=\"elementor-button-text\">VOIR LES OFFRES<\/span>\n\t\t\t\t\t<\/span>\n\t\t\t\t\t<\/a>\n\t\t\t\t\t\t\t\t<\/div>\n\t\t\t\t<div class=\"elementor-element elementor-element-9033cdc elementor-align-center elementor-widget__width-initial elementor-widget elementor-widget-button\" data-id=\"9033cdc\" data-element_type=\"widget\" data-e-type=\"widget\" data-widget_type=\"button.default\">\n\t\t\t\t\t\t\t\t\t\t<a class=\"elementor-button elementor-button-link elementor-size-sm\" href=\"https:\/\/moovecars.epreselec.com\/?id_idioma=1&#038;id_origen=web+corporativa\">\n\t\t\t\t\t\t<span class=\"elementor-button-content-wrapper\">\n\t\t\t\t\t\t\t\t\t<span class=\"elementor-button-text\">D\u00c9POSEZ VOTRE C.V.<\/span>\n\t\t\t\t\t<\/span>\n\t\t\t\t\t<\/a>\n\t\t\t\t\t\t\t\t<\/div>\n\t\t\t\t\t<\/div>\n\t\t<\/div>\n\t\t\t\t\t<\/div>\n\t\t<\/section>\n\t\t\t\t<\/div>\n\t\t","protected":false},"excerpt":{"rendered":"<p>Travaillez comme chauffeur VTC (Uber) \u00e0 Majorque Offres d&#8217;emploi de chauffeur VTC \u00e0 Majorque &#8211; Moove Cars Moove Cars poss\u00e8de une base \u00e0 Majorque pour la gestion de sa flotte \u00e0 travers la ville. Chez Moove Cars, nous sommes connus pour offrir une grande flexibilit\u00e9 dans les horaires et les rotations dans chaque localit\u00e9. &nbsp; [&hellip;]<\/p>\n","protected":false},"author":6,"featured_media":0,"parent":4378,"menu_order":0,"comment_status":"closed","ping_status":"closed","template":"elementor_header_footer","meta":{"_acf_changed":false,"footnotes":""},"class_list":["post-4384","page","type-page","status-publish","hentry"],"acf":[],"_links":{"self":[{"href":"https:\/\/dev.moovecars.com\/fr\/wp-json\/wp\/v2\/pages\/4384","targetHints":{"allow":["GET"]}}],"collection":[{"href":"https:\/\/dev.moovecars.com\/fr\/wp-json\/wp\/v2\/pages"}],"about":[{"href":"https:\/\/dev.moovecars.com\/fr\/wp-json\/wp\/v2\/types\/page"}],"author":[{"embeddable":true,"href":"https:\/\/dev.moovecars.com\/fr\/wp-json\/wp\/v2\/users\/6"}],"replies":[{"embeddable":true,"href":"https:\/\/dev.moovecars.com\/fr\/wp-json\/wp\/v2\/comments?post=4384"}],"version-history":[{"count":0,"href":"https:\/\/dev.moovecars.com\/fr\/wp-json\/wp\/v2\/pages\/4384\/revisions"}],"up":[{"embeddable":true,"href":"https:\/\/dev.moovecars.com\/fr\/wp-json\/wp\/v2\/pages\/4378"}],"wp:attachment":[{"href":"https:\/\/dev.moovecars.com\/fr\/wp-json\/wp\/v2\/media?parent=4384"}],"curies":[{"name":"wp","href":"https:\/\/api.w.org\/{rel}","templated":true}]}}