{"id":4233,"date":"2024-07-02T10:44:52","date_gmt":"2024-07-02T10:44:52","guid":{"rendered":"https:\/\/moovecars.com\/bases\/grenade\/"},"modified":"2024-08-06T07:40:44","modified_gmt":"2024-08-06T07:40:44","slug":"grenade","status":"publish","type":"page","link":"https:\/\/dev.moovecars.com\/fr\/bases\/grenade\/","title":{"rendered":"Grenade"},"content":{"rendered":"\t\t<div data-elementor-type=\"wp-page\" data-elementor-id=\"4233\" class=\"elementor elementor-4233 elementor-3674\" data-elementor-post-type=\"page\">\n\t\t\t\t\t\t<section class=\"elementor-section elementor-top-section elementor-element elementor-element-6eb822a elementor-section-boxed elementor-section-height-default elementor-section-height-default\" data-id=\"6eb822a\" data-element_type=\"section\" data-e-type=\"section\">\n\t\t\t\t\t\t<div class=\"elementor-container elementor-column-gap-default\">\n\t\t\t\t\t<header class=\"elementor-column elementor-col-100 elementor-top-column elementor-element elementor-element-1f2967c\" data-id=\"1f2967c\" data-element_type=\"column\" data-e-type=\"column\" data-settings=\"{&quot;background_background&quot;:&quot;classic&quot;}\">\n\t\t\t<div class=\"elementor-widget-wrap elementor-element-populated\">\n\t\t\t\t\t<div class=\"elementor-background-overlay\"><\/div>\n\t\t\t\t\t\t<div class=\"elementor-element elementor-element-6f653ea elementor-widget elementor-widget-spacer\" data-id=\"6f653ea\" data-element_type=\"widget\" data-e-type=\"widget\" data-widget_type=\"spacer.default\">\n\t\t\t\t\t\t\t<div class=\"elementor-spacer\">\n\t\t\t<div class=\"elementor-spacer-inner\"><\/div>\n\t\t<\/div>\n\t\t\t\t\t\t<\/div>\n\t\t\t\t<div class=\"elementor-element elementor-element-57c1a8a elementor-widget elementor-widget-heading\" data-id=\"57c1a8a\" data-element_type=\"widget\" data-e-type=\"widget\" data-widget_type=\"heading.default\">\n\t\t\t\t\t<h1 class=\"elementor-heading-title elementor-size-default\">Entreprise de licences VTC \u00e0 Grenade <\/h1>\t\t\t\t<\/div>\n\t\t\t\t<div class=\"elementor-element elementor-element-b17633a elementor-widget elementor-widget-spacer\" data-id=\"b17633a\" data-element_type=\"widget\" data-e-type=\"widget\" data-widget_type=\"spacer.default\">\n\t\t\t\t\t\t\t<div class=\"elementor-spacer\">\n\t\t\t<div class=\"elementor-spacer-inner\"><\/div>\n\t\t<\/div>\n\t\t\t\t\t\t<\/div>\n\t\t\t\t\t<\/div>\n\t\t<\/header>\n\t\t\t\t\t<\/div>\n\t\t<\/section>\n\t\t\t\t<section class=\"elementor-section elementor-top-section elementor-element elementor-element-8a0a522 elementor-section-boxed elementor-section-height-default elementor-section-height-default\" data-id=\"8a0a522\" data-element_type=\"section\" data-e-type=\"section\">\n\t\t\t\t\t\t<div class=\"elementor-container elementor-column-gap-default\">\n\t\t\t\t\t<div class=\"elementor-column elementor-col-100 elementor-top-column elementor-element elementor-element-34c47ee\" data-id=\"34c47ee\" data-element_type=\"column\" data-e-type=\"column\">\n\t\t\t<div class=\"elementor-widget-wrap elementor-element-populated\">\n\t\t\t\t\t\t<div class=\"elementor-element elementor-element-ff7dfd3 elementor-widget elementor-widget-spacer\" data-id=\"ff7dfd3\" data-element_type=\"widget\" data-e-type=\"widget\" data-widget_type=\"spacer.default\">\n\t\t\t\t\t\t\t<div class=\"elementor-spacer\">\n\t\t\t<div class=\"elementor-spacer-inner\"><\/div>\n\t\t<\/div>\n\t\t\t\t\t\t<\/div>\n\t\t\t\t<div class=\"elementor-element elementor-element-d2cb7a1 elementor-widget elementor-widget-text-editor\" data-id=\"d2cb7a1\" data-element_type=\"widget\" data-e-type=\"widget\" data-widget_type=\"text-editor.default\">\n\t\t\t\t\t\t\t\t\t<p><strong>Moove Cars<\/strong> est l&rsquo;une des principales <strong>entreprises de VTC \u00e0 Grenade<\/strong>. Depuis nos d\u00e9buts, nous fournissons un service ininterrompu avec un personnel tr\u00e8s engag\u00e9 et professionnel. Environ 150 coll\u00e8gues travaillent dans la ville.<\/p>\n\t\t\t\t\t\t\t\t<\/div>\n\t\t\t\t<div class=\"elementor-element elementor-element-8063bac elementor-widget elementor-widget-heading\" data-id=\"8063bac\" data-element_type=\"widget\" data-e-type=\"widget\" data-widget_type=\"heading.default\">\n\t\t\t\t\t<h2 class=\"elementor-heading-title elementor-size-default\">Trouvez Moove Cars \u00e0 Grenade<\/h2>\t\t\t\t<\/div>\n\t\t\t\t<div class=\"elementor-element elementor-element-31baab2 elementor-widget elementor-widget-google_maps\" data-id=\"31baab2\" data-element_type=\"widget\" data-e-type=\"widget\" data-widget_type=\"google_maps.default\">\n\t\t\t\t\t\t\t<div class=\"elementor-custom-embed\">\n\t\t\t<iframe loading=\"lazy\"\n\t\t\t\t\tsrc=\"https:\/\/maps.google.com\/maps?q=Calle%20neptuno%20%2018004%20Granada&#038;t=m&#038;z=11&#038;output=embed&#038;iwloc=near\"\n\t\t\t\t\ttitle=\"Calle neptuno  18004 Granada\"\n\t\t\t\t\taria-label=\"Calle neptuno  18004 Granada\"\n\t\t\t><\/iframe>\n\t\t<\/div>\n\t\t\t\t\t\t<\/div>\n\t\t\t\t<div class=\"elementor-element elementor-element-10a213a elementor-widget elementor-widget-text-editor\" data-id=\"10a213a\" data-element_type=\"widget\" data-e-type=\"widget\" data-widget_type=\"text-editor.default\">\n\t\t\t\t\t\t\t\t\t<p>Moove Cars Grenade est situ\u00e9e dans le parking des tours Neptuno, un centre n\u00e9vralgique de la ville. Notre emplacement est excellent car nous atteignons le centre touristique en 7 minutes et les autres points les plus visit\u00e9s en 15 minutes. De plus, nous avons acc\u00e8s aux zones de ski les plus populaires de la ville en 40 minutes. n tant qu&rsquo;<strong>entreprise de VTC \u00e0 Grenade<\/strong>, nous fournissons un service via la plateforme Uber.<\/p>\n\t\t\t\t\t\t\t\t<\/div>\n\t\t\t\t<div class=\"elementor-element elementor-element-4810097 elementor-widget elementor-widget-spacer\" data-id=\"4810097\" data-element_type=\"widget\" data-e-type=\"widget\" data-widget_type=\"spacer.default\">\n\t\t\t\t\t\t\t<div class=\"elementor-spacer\">\n\t\t\t<div class=\"elementor-spacer-inner\"><\/div>\n\t\t<\/div>\n\t\t\t\t\t\t<\/div>\n\t\t\t\t\t<\/div>\n\t\t<\/div>\n\t\t\t\t\t<\/div>\n\t\t<\/section>\n\t\t\t\t<\/div>\n\t\t","protected":false},"excerpt":{"rendered":"<p>Entreprise de licences VTC \u00e0 Grenade Moove Cars est l&rsquo;une des principales entreprises de VTC \u00e0 Grenade. Depuis nos d\u00e9buts, nous fournissons un service ininterrompu avec un personnel tr\u00e8s engag\u00e9 et professionnel. Environ 150 coll\u00e8gues travaillent dans la ville. Trouvez Moove Cars \u00e0 Grenade Moove Cars Grenade est situ\u00e9e dans le parking des tours Neptuno, [&hellip;]<\/p>\n","protected":false},"author":6,"featured_media":0,"parent":4182,"menu_order":0,"comment_status":"closed","ping_status":"closed","template":"elementor_header_footer","meta":{"_acf_changed":false,"footnotes":""},"class_list":["post-4233","page","type-page","status-publish","hentry"],"acf":[],"_links":{"self":[{"href":"https:\/\/dev.moovecars.com\/fr\/wp-json\/wp\/v2\/pages\/4233","targetHints":{"allow":["GET"]}}],"collection":[{"href":"https:\/\/dev.moovecars.com\/fr\/wp-json\/wp\/v2\/pages"}],"about":[{"href":"https:\/\/dev.moovecars.com\/fr\/wp-json\/wp\/v2\/types\/page"}],"author":[{"embeddable":true,"href":"https:\/\/dev.moovecars.com\/fr\/wp-json\/wp\/v2\/users\/6"}],"replies":[{"embeddable":true,"href":"https:\/\/dev.moovecars.com\/fr\/wp-json\/wp\/v2\/comments?post=4233"}],"version-history":[{"count":0,"href":"https:\/\/dev.moovecars.com\/fr\/wp-json\/wp\/v2\/pages\/4233\/revisions"}],"up":[{"embeddable":true,"href":"https:\/\/dev.moovecars.com\/fr\/wp-json\/wp\/v2\/pages\/4182"}],"wp:attachment":[{"href":"https:\/\/dev.moovecars.com\/fr\/wp-json\/wp\/v2\/media?parent=4233"}],"curies":[{"name":"wp","href":"https:\/\/api.w.org\/{rel}","templated":true}]}}