{"id":2366,"date":"2023-02-14T15:30:11","date_gmt":"2023-02-14T15:30:11","guid":{"rendered":"https:\/\/moovecars.com\/politica-de-privacidad\/"},"modified":"2024-05-16T10:43:20","modified_gmt":"2024-05-16T10:43:20","slug":"politique-de-confidentialite","status":"publish","type":"page","link":"https:\/\/dev.moovecars.com\/fr\/politique-de-confidentialite\/","title":{"rendered":"POLITIQUE DE CONFIDENTIALIT\u00c9"},"content":{"rendered":"\t\t<div data-elementor-type=\"wp-page\" data-elementor-id=\"2366\" class=\"elementor elementor-2366 elementor-3\" data-elementor-post-type=\"page\">\n\t\t\t\t\t\t<section class=\"elementor-section elementor-top-section elementor-element elementor-element-98d56f6 elementor-section-height-min-height elementor-section-boxed elementor-section-height-default elementor-section-items-middle\" data-id=\"98d56f6\" data-element_type=\"section\" data-e-type=\"section\" data-settings=\"{&quot;background_background&quot;:&quot;classic&quot;}\">\n\t\t\t\t\t\t\t<div class=\"elementor-background-overlay\"><\/div>\n\t\t\t\t\t\t\t<div class=\"elementor-container elementor-column-gap-no\">\n\t\t\t\t\t<div class=\"elementor-column elementor-col-100 elementor-top-column elementor-element elementor-element-8d94606\" data-id=\"8d94606\" data-element_type=\"column\" data-e-type=\"column\" data-settings=\"{&quot;background_background&quot;:&quot;classic&quot;}\">\n\t\t\t<div class=\"elementor-widget-wrap elementor-element-populated\">\n\t\t\t\t\t\t\t<\/div>\n\t\t<\/div>\n\t\t\t\t\t<\/div>\n\t\t<\/section>\n\t\t\t\t<section class=\"elementor-section elementor-top-section elementor-element elementor-element-72a49bd elementor-section-boxed elementor-section-height-default elementor-section-height-default\" data-id=\"72a49bd\" data-element_type=\"section\" data-e-type=\"section\">\n\t\t\t\t\t\t<div class=\"elementor-container elementor-column-gap-default\">\n\t\t\t\t\t<div class=\"elementor-column elementor-col-100 elementor-top-column elementor-element elementor-element-e869e7a\" data-id=\"e869e7a\" data-element_type=\"column\" data-e-type=\"column\">\n\t\t\t<div class=\"elementor-widget-wrap elementor-element-populated\">\n\t\t\t\t\t\t<div class=\"elementor-element elementor-element-428e7fb elementor-widget elementor-widget-spacer\" data-id=\"428e7fb\" data-element_type=\"widget\" data-e-type=\"widget\" data-widget_type=\"spacer.default\">\n\t\t\t\t\t\t\t<div class=\"elementor-spacer\">\n\t\t\t<div class=\"elementor-spacer-inner\"><\/div>\n\t\t<\/div>\n\t\t\t\t\t\t<\/div>\n\t\t\t\t\t<\/div>\n\t\t<\/div>\n\t\t\t\t\t<\/div>\n\t\t<\/section>\n\t\t\t\t<section class=\"elementor-section elementor-top-section elementor-element elementor-element-fbda2eb elementor-section-boxed elementor-section-height-default elementor-section-height-default\" data-id=\"fbda2eb\" data-element_type=\"section\" data-e-type=\"section\" data-settings=\"{&quot;background_background&quot;:&quot;classic&quot;}\">\n\t\t\t\t\t\t<div class=\"elementor-container elementor-column-gap-default\">\n\t\t\t\t\t<div class=\"elementor-column elementor-col-100 elementor-top-column elementor-element elementor-element-6bb00ae\" data-id=\"6bb00ae\" data-element_type=\"column\" data-e-type=\"column\">\n\t\t\t<div class=\"elementor-widget-wrap elementor-element-populated\">\n\t\t\t\t\t\t<div class=\"elementor-element elementor-element-41d95bc elementor-widget elementor-widget-text-editor\" data-id=\"41d95bc\" data-element_type=\"widget\" data-e-type=\"widget\" data-widget_type=\"text-editor.default\">\n\t\t\t\t\t\t\t\t\t<p>La pr\u00e9sente Politique de protection des donn\u00e9es personnelles (ci-apr\u00e8s, \u00a0\u00bb Politique de confidentialit\u00e9 \u00ab\u00a0) r\u00e9git le traitement des donn\u00e9es personnelles des utilisateurs du site Web www.moovecars.com, conform\u00e9ment aux dispositions de la l\u00e9gislation applicable en mati\u00e8re de protection des donn\u00e9es, (R\u00e8glement UE 2016\/679 et Loi organique 3\/2018, sur la protection des donn\u00e9es personnelles et la garantie des droits num\u00e9riques).&nbsp;&nbsp;<\/p>\n<p><span style=\"color: var( --e-global-color-2a53da9 ); font-family: var( --e-global-typography-text-font-family ), Sans-serif; font-size: var( --e-global-typography-text-font-size ); font-weight: var( --e-global-typography-text-font-weight );\">Le traitement de vos donn\u00e9es personnelles sera r\u00e9gi par la pr\u00e9sente politique de confidentialit\u00e9 du site Web, par la politique de protection des donn\u00e9es personnelles de MOOVE CARS et par toute autre politique qui pourrait la remplacer \u00e0 l&rsquo;avenir. Tout utilisateur (\u00ab\u00a0Utilisateur\u00a0\u00bb) qui n&rsquo;est pas d&rsquo;accord avec la Politique de confidentialit\u00e9 ou les Mentions l\u00e9gales et autres conditions d&rsquo;acc\u00e8s ou d&rsquo;utilisation doit s&rsquo;abstenir d&rsquo;acc\u00e9der \u00e0 ce site Web ou de l&rsquo;utiliser de quelque mani\u00e8re que ce soit.<\/span><\/p>\n<p><span data-ccp-props=\"{&quot;134233117&quot;:false,&quot;134233118&quot;:false,&quot;201341983&quot;:0,&quot;335551550&quot;:6,&quot;335551620&quot;:6,&quot;335559738&quot;:0,&quot;335559739&quot;:0,&quot;335559740&quot;:240}\">&nbsp;<\/span><\/p>\n<p><b>1 QUI EST RESPONSABLE DU TRAITEMENT DE VOS DONN\u00c9ES PERSONNELLES ?&nbsp;<\/b><\/p>\n<p>Nom du titulaire : MC DIRECTORSHIP S.L.U. (ci-apr\u00e8s d\u00e9nomm\u00e9e MOOVE CARS, nom commercial du groupe d&rsquo;entreprises dont elle est la soci\u00e9t\u00e9 m\u00e8re).&nbsp;<\/p>\n<p>Si\u00e8ge social : C\/ Luis I, 54&nbsp;<\/p>\n<p>Ville : Madrid&nbsp;<\/p>\n<p>CODE POSTAL : 28031&nbsp;<\/p>\n<p>NUM\u00c9RO D&rsquo;IDENTIFICATION FISCALE : B87969390&nbsp;<\/p>\n<p>Num\u00e9ro de t\u00e9l\u00e9phone de contact : 910 72 66 88&nbsp;<\/p>\n<p>Courriel : info@moovecars.com&nbsp;<\/p>\n<p>Contact du d\u00e9l\u00e9gu\u00e9 \u00e0 la protection des donn\u00e9es : dpo@moovecars.com<\/p>\n<p><span style=\"color: var( --e-global-color-2a53da9 ); font-family: var( --e-global-typography-text-font-family ), Sans-serif; font-size: var( --e-global-typography-text-font-size ); font-weight: var( --e-global-typography-text-font-weight );\">Vous confirmez et garantissez la v\u00e9racit\u00e9 et l&rsquo;exactitude des donn\u00e9es fournies, ainsi que leur conformit\u00e9 avec votre situation actuelle. En ce sens, vous vous engagez \u00e0 communiquer toute modification pouvant survenir dans ces donn\u00e9es, conform\u00e9ment \u00e0 la proc\u00e9dure \u00e9tablie dans la section relative \u00e0 l&rsquo;exercice de vos droits.<\/span><\/p>\n<p><b>2 QUELLES SONT LES DONN\u00c9ES QUE MOOVE CARS PEUT COLLECTER PAR LE BIAIS DE CE SITE WEB ?&nbsp;<\/b><\/p>\n<p>MOOVE CARS peut collecter les donn\u00e9es personnelles fournies par les Utilisateurs eux-m\u00eames qui demandent des informations ou contactent MOOVE CARS \u00e0 travers les diff\u00e9rents formulaires de contact du Site, ou par e-mail ou t\u00e9l\u00e9phone.&nbsp;&nbsp;<\/p>\n<p>Par le biais de ces formulaires fournis sur le site Web, MOOVE CARS demandera les informations n\u00e9cessaires pour g\u00e9rer, le cas \u00e9ch\u00e9ant, la demande formul\u00e9e.<\/p>\n<p>En aucun cas, MOOVE CARS ne demandera aux Utilisateurs d&rsquo;inclure des informations ou des donn\u00e9es de nature sensible, ou qui constituent des cat\u00e9gories sp\u00e9ciales de donn\u00e9es conform\u00e9ment \u00e0 la r\u00e9glementation applicable. Telles que l&rsquo;origine ethnique ou raciale, les opinions politiques, les convictions religieuses ou philosophiques, ou l&rsquo;appartenance syndicale, les donn\u00e9es relatives \u00e0 la sant\u00e9 ou \u00e0 la vie sexuelle, l&rsquo;orientation sexuelle, ou le casier judiciaire des Utilisateurs.&nbsp;<\/p>\n<p><span style=\"color: var( --e-global-color-2a53da9 ); font-family: var( --e-global-typography-text-font-family ), Sans-serif; font-size: var( --e-global-typography-text-font-size ); font-weight: var( --e-global-typography-text-font-weight );\">Si l&rsquo;Utilisateur d\u00e9cide de fournir l&rsquo;une de ces donn\u00e9es, il le fera sous sa seule responsabilit\u00e9 et, en tout \u00e9tat de cause, ces donn\u00e9es personnelles ne seront accessibles qu&rsquo;au personnel autoris\u00e9 de MOOVE CARS pour la gestion de sa consultation ou de sa demande de service. MOOVE CARS conseille aux utilisateurs de ne pas fournir de donn\u00e9es personnelles auxquelles l&rsquo;utilisateur ne souhaite pas que MOOVE CARS ait acc\u00e8s.&nbsp;&nbsp;<\/span><\/p>\n<p><span style=\"color: var( --e-global-color-2a53da9 ); font-family: var( --e-global-typography-text-font-family ), Sans-serif; font-size: var( --e-global-typography-text-font-size ); font-weight: var( --e-global-typography-text-font-weight );\">MOOVE CARS recueille \u00e9galement des informations par le biais de cookies et d&rsquo;autres technologies similaires. Pour plus d&rsquo;informations \u00e0 ce sujet, veuillez consulter notre Politique en mati\u00e8re de cookies.<\/span><\/p>\n<p><\/p>\n<p><b>3 POUR QUELLES RAISONS TRAITONS-NOUS VOS DONN\u00c9ES PERSONNELLES ?&nbsp;<\/b><\/p>\n<p>Nous vous informons que toutes les donn\u00e9es fournies par les utilisateurs du site Web seront trait\u00e9es par MOOVE CARS uniquement et exclusivement si elles sont n\u00e9cessaires aux fins d\u00e9crites dans la pr\u00e9sente politique de confidentialit\u00e9 et que le fait de ne pas les fournir rendrait impossible la gestion correcte de la relation existante avec vous.&nbsp;<\/p>\n<p>Vous trouverez ci-dessous une description des finalit\u00e9s possibles du traitement de vos donn\u00e9es personnelles et des motifs pour lesquels le traitement est <b style=\"color: var( --e-global-color-2a53da9 ); font-family: var( --e-global-typography-text-font-family ), Sans-serif; font-size: var( --e-global-typography-text-font-size );\">l\u00e9gitime :<\/b><\/p>\n<p><b>I. Traitement pour l&rsquo;utilisation du site web ou l&rsquo;ex\u00e9cution d&rsquo;une relation contractuelle :<\/b><\/p>\n<p>G\u00e9rer la relation commerciale en r\u00e9pondant aux diff\u00e9rentes demandes d&rsquo;information sur les services offerts par le responsable du traitement.&nbsp;<\/p>\n<p>Formaliser la relation contractuelle.&nbsp;<\/p>\n<p>G\u00e9rer, maintenir et contr\u00f4ler efficacement la relation d\u00e9riv\u00e9e de la prestation de services.&nbsp;<\/p>\n<p>G\u00e9rer la navigation sur le web, mesurer et analyser le comportement de la navigation et de l&rsquo;utilisateur et traiter les demandes d&rsquo;information formul\u00e9es par les utilisateurs du web.&nbsp;&nbsp;<\/p>\n<p><\/p>\n<p>Si vous n&rsquo;autorisez pas le traitement de vos donn\u00e9es aux fins susmentionn\u00e9es, cela n&rsquo;affectera pas le maintien ou l&rsquo;ex\u00e9cution de la relation contractuelle que vous pouvez avoir avec nous.<\/p>\n<p><b>II. Respect d&rsquo;une obligation l\u00e9gale :<\/b><\/p>\n<p>Traiter de mani\u00e8re appropri\u00e9e les demandes de droits en vertu des r\u00e9glementations applicables en mati\u00e8re de protection des donn\u00e9es.&nbsp;<\/p>\n<p>Pour divulguer vos donn\u00e9es aux autorit\u00e9s publiques, aux r\u00e9gulateurs ou aux organismes gouvernementaux lorsque la loi, la r\u00e9glementation locale ou le respect d&rsquo;obligations r\u00e9glementaires l&rsquo;exigent.<\/p>\n<p><b><span data-contrast=\"none\">\u202f<\/span><\/b><\/p>\n<p><b>III. Consentement de la personne concern\u00e9e :&nbsp;<\/b><\/p>\n<p>G\u00e9rer correctement les consentements accord\u00e9s par les utilisateurs.&nbsp;<\/p>\n<p>R\u00e9pondre \u00e0 vos questions, demandes ou p\u00e9titions.&nbsp;<\/p>\n<p>G\u00e9rer vos demandes d&rsquo;information sur les d\u00e9monstrations et vos demandes de contact avec nos experts.&nbsp;<\/p>\n<p>Inscription \u00e0 d&rsquo;\u00e9ventuelles listes de diffusion, bulletins d&rsquo;information ou autres, avec votre consentement.&nbsp;<\/p>\n<p>G\u00e9rer votre demande de t\u00e9l\u00e9chargement de documentation sur le web.<\/p>\n<p><\/p>\n<p><b>4 \u00c0 QUI DIVULGUONS-NOUS VOS DONN\u00c9ES ?&nbsp;<\/b><\/p>\n<p>Dans les conditions d\u00e9crites dans la section relative aux finalit\u00e9s du traitement, MOOVE CARS peut divulguer vos donn\u00e9es personnelles aux entit\u00e9s suivantes :&nbsp;<\/p>\n<p>Autorit\u00e9s publiques, r\u00e9gulateurs ou organismes gouvernementaux ou juridictionnels dans les cas o\u00f9 cela est n\u00e9cessaire en vertu de la loi, de la r\u00e9glementation locale ou en conformit\u00e9 avec les obligations r\u00e9glementaires. Entre autres, aux administrations fiscales.&nbsp;<\/p>\n<p>Dans le cas o\u00f9 vous demandez la portabilit\u00e9 de vos donn\u00e9es, vos donn\u00e9es personnelles seront transf\u00e9r\u00e9es \u00e0 l&rsquo;entit\u00e9 que vous aurez d\u00e9sign\u00e9e.&nbsp;<\/p>\n<p>Transfert aux entreprises qui composent le groupe MOOVE CARS lorsqu&rsquo;elles sont n\u00e9cessaires ou li\u00e9es au service ou \u00e0 l&rsquo;information demand\u00e9e.&nbsp;<\/p>\n<p>Transfert aux sponsors. En cas d&rsquo;inscription \u00e0 un \u00e9v\u00e9nement, \u00e0 une conf\u00e9rence technologique, \u00e0 une formation, etc. parrain\u00e9s par nos partenaires, et uniquement dans ce cas, nous vous informons que MOOVE CARS transf\u00e9rera vos donn\u00e9es aux co-organisateurs, aux sponsors et\/ou aux intervenants qui participent ou promeuvent les cours, les conf\u00e9rences et les \u00e9v\u00e9nements organis\u00e9s par MOOVE CARS.&nbsp;<\/p>\n<p>&nbsp;L&rsquo;objectif de ces cessions est de fournir \u00e0 l&rsquo;utilisateur des informations plus compl\u00e8tes et plus d\u00e9taill\u00e9es sur les entreprises et les conf\u00e9renciers dont il assiste aux pr\u00e9sentations et\/ou aux \u00e9v\u00e9nements et d&rsquo;\u00eatre ainsi en mesure de lui fournir un meilleur service.<\/p>\n<p><\/p>\n<p><b>5 TRANSFERTS INTERNATIONAUX DE DONN\u00c9ES&nbsp;<\/b><\/p>\n<p>&nbsp;En r\u00e8gle g\u00e9n\u00e9rale, aucun transfert de donn\u00e9es n&rsquo;est effectu\u00e9 vers des tiers situ\u00e9s ou dont les serveurs sont situ\u00e9s en dehors de l&rsquo;Espace \u00e9conomique europ\u00e9en.&nbsp;<\/p>\n<p>Toutefois, dans les cas exceptionnels o\u00f9 de tels transferts internationaux ont lieu, les mesures n\u00e9cessaires seront prises pour s&rsquo;assurer qu&rsquo;ils sont effectu\u00e9s vers un pays ou une organisation ayant offert des garanties ad\u00e9quates ou qu&rsquo;ils peuvent \u00eatre fond\u00e9s sur les principes de l\u00e9gitimation \u00e9tablis par la loi.<\/p>\n<p><\/p>\n<p><b>6 PENDANT COMBIEN DE TEMPS CONSERVONS-NOUS VOS DONN\u00c9ES ?&nbsp;<\/b><\/p>\n<p>Nous traiterons vos donn\u00e9es tant qu&rsquo;elles seront n\u00e9cessaires aux fins pour lesquelles elles ont \u00e9t\u00e9 collect\u00e9es et, une fois que la relation qui l\u00e9gitime le traitement de vos donn\u00e9es aura pris fin, elles seront bloqu\u00e9es dans le seul but de formuler et de d\u00e9fendre des r\u00e9clamations et le transfert appropri\u00e9 \u00e0 la demande des autorit\u00e9s, uniquement pendant la p\u00e9riode de temps l\u00e9galement \u00e9tablie.&nbsp;<\/p>\n<p>De m\u00eame, une fois la relation contractuelle termin\u00e9e, nous traiterons vos donn\u00e9es personnelles dans le but d&rsquo;envoyer des communications commerciales, \u00e0 condition d&rsquo;avoir obtenu votre consentement expr\u00e8s \u00e0 cet effet.\u202f&nbsp;<\/p>\n<p><b style=\"color: var( --e-global-color-2a53da9 ); font-family: var( --e-global-typography-text-font-family ), Sans-serif; font-size: var( --e-global-typography-text-font-size );\">7 D\u00c9CISIONS AUTOMATIS\u00c9ES ET PROFILAGE&nbsp;<\/b><\/p>\n<p>L&rsquo;entit\u00e9 n&rsquo;\u00e9laborera pas de profils et ne prendra pas de d\u00e9cisions automatis\u00e9es.<\/p>\n<p><span data-contrast=\"none\">\u202f<\/span><span data-ccp-props=\"{&quot;134233117&quot;:false,&quot;134233118&quot;:false,&quot;201341983&quot;:0,&quot;335551550&quot;:6,&quot;335551620&quot;:6,&quot;335559738&quot;:0,&quot;335559739&quot;:480,&quot;335559740&quot;:240}\">&nbsp;<\/span><b style=\"color: var( --e-global-color-2a53da9 ); font-family: var( --e-global-typography-text-font-family ), Sans-serif; font-size: var( --e-global-typography-text-font-size );\">8 QUELS SONT VOS DROITS ?&nbsp;<\/b><\/p>\n<p>Nous vous informons que, conform\u00e9ment \u00e0 la r\u00e9glementation en vigueur et \u00e0 la Politique de protection des donn\u00e9es personnelles de MOOVE CARS, vous avez le droit de r\u00e9voquer le consentement donn\u00e9. Ainsi que d&rsquo;exercer vos droits d&rsquo;acc\u00e8s, de rectification, d&rsquo;effacement, de limitation, d&rsquo;opposition, ainsi que le droit \u00e0 la portabilit\u00e9 de vos donn\u00e9es et de ne pas faire l&rsquo;objet de d\u00e9cisions automatis\u00e9es.&nbsp;<\/p>\n<p>L&rsquo;int\u00e9ress\u00e9 est inform\u00e9 qu&rsquo;il peut \u00e9galement d\u00e9poser une plainte aupr\u00e8s de l&rsquo;Agence espagnole de protection des donn\u00e9es (https:\/\/sedeaepd.gob.es), s&rsquo;il consid\u00e8re que l&rsquo;exercice de ses droits n&rsquo;a pas \u00e9t\u00e9 correctement pris en compte par MOOVE CARS.<\/p>\n<p><\/p>\n<p><b>9 COMMENT POUVEZ-VOUS EXERCER VOS DROITS ?&nbsp;<\/b><\/p>\n<p>Conform\u00e9ment \u00e0 la l\u00e9gislation applicable, nous vous informons que vous pouvez exercer vos droits en nous contactant \u00e0 l&rsquo;adresse \u00e9lectronique suivante : dpo@moovecars.com en indiquant le motif de votre demande et le droit que vous souhaitez exercer.&nbsp;<\/p>\n<p>Si nous estimons n\u00e9cessaire de vous identifier, nous pouvons vous demander une copie d&rsquo;un document prouvant votre identit\u00e9. Vous pouvez \u00e9galement envoyer une lettre accompagn\u00e9e d&rsquo;une photocopie de votre carte d&rsquo;identit\u00e9 ou d&rsquo;un autre document d&rsquo;identification \u00e0 l&rsquo;adresse postale suivante : C\/ Luis I, n.\u00ba 54, CP 28031 Madrid (Espagne).<\/p>\n<p><\/p>\n<p><b>10 R\u00c9SEAUX SOCIAUX&nbsp;<\/b><\/p>\n<p>&nbsp;L&rsquo;utilisateur, par le biais de notre site web, peut avoir acc\u00e8s \u00e0 des liens vers nos profils sur des r\u00e9seaux sociaux ou d&rsquo;autres sites web. Ces liens renvoient \u00e0 des sites web de tiers, dont les politiques de confidentialit\u00e9 ne sont pas li\u00e9es \u00e0 celle de MOOVE CARS. En acc\u00e9dant \u00e0 ces sites web, vous pouvez d\u00e9cider d&rsquo;accepter ou non leurs politiques de confidentialit\u00e9 et de cookies.&nbsp;<\/p>\n<p>Vous pouvez toujours contr\u00f4ler vos connexions, supprimer les contenus qui ne vous int\u00e9ressent plus et limiter les personnes avec lesquelles vous partagez vos connexions. Pour ce faire, vous devez acc\u00e9der \u00e0 vos param\u00e8tres de confidentialit\u00e9 sur le r\u00e9seau social en question. En rejoignant notre site de r\u00e9seau social, vous consentez au traitement des donn\u00e9es personnelles publi\u00e9es sur votre profil.&nbsp;<\/p>\n<p>En ce qui concerne l&rsquo;utilisation des r\u00e9seaux sociaux, il se peut que leurs serveurs ne soient pas situ\u00e9s en Espagne ou dans l&rsquo;Union europ\u00e9enne.\u202fPar cons\u00e9quent, nous vous recommandons de prendre connaissance de leur politique de confidentialit\u00e9 et de consulter les r\u00e8gles et politiques du propri\u00e9taire du r\u00e9seau social dans les liens suivants :<\/p>\n<ul>\n<li data-leveltext=\"\uf0b7\" data-font=\"Symbol\" data-listid=\"15\" data-list-defn-props=\"{&quot;335552541&quot;:1,&quot;335559684&quot;:-2,&quot;335559685&quot;:720,&quot;335559991&quot;:360,&quot;469769226&quot;:&quot;Symbol&quot;,&quot;469769242&quot;:[8226],&quot;469777803&quot;:&quot;left&quot;,&quot;469777804&quot;:&quot;\uf0b7&quot;,&quot;469777815&quot;:&quot;multilevel&quot;}\" aria-setsize=\"-1\" data-aria-posinset=\"1\" data-aria-level=\"1\"><span data-contrast=\"none\">Twitter:\u202f<\/span><a href=\"https:\/\/twitter.com\/es\/privacy\"><span data-contrast=\"none\">https:\/\/twitter.com\/es\/privacy<\/span><\/a><span data-ccp-props=\"{&quot;201341983&quot;:0,&quot;335551550&quot;:6,&quot;335551620&quot;:6,&quot;335559685&quot;:795,&quot;335559739&quot;:160,&quot;335559740&quot;:240}\">&nbsp;<\/span><\/li>\n<li data-leveltext=\"\uf0b7\" data-font=\"Symbol\" data-listid=\"15\" data-list-defn-props=\"{&quot;335552541&quot;:1,&quot;335559684&quot;:-2,&quot;335559685&quot;:720,&quot;335559991&quot;:360,&quot;469769226&quot;:&quot;Symbol&quot;,&quot;469769242&quot;:[8226],&quot;469777803&quot;:&quot;left&quot;,&quot;469777804&quot;:&quot;\uf0b7&quot;,&quot;469777815&quot;:&quot;multilevel&quot;}\" aria-setsize=\"-1\" data-aria-posinset=\"2\" data-aria-level=\"1\"><span data-contrast=\"none\">Facebook:\u202f<\/span><a href=\"https:\/\/es-es.facebook.com\/privacy\/explanation\"><span data-contrast=\"none\">https:\/\/es-es.facebook.com\/privacy\/explanation<\/span><\/a><span data-ccp-props=\"{&quot;201341983&quot;:0,&quot;335551550&quot;:6,&quot;335551620&quot;:6,&quot;335559685&quot;:795,&quot;335559739&quot;:160,&quot;335559740&quot;:240}\">&nbsp;<\/span><\/li>\n<\/ul>\n<ul>\n<li data-leveltext=\"\uf0b7\" data-font=\"Symbol\" data-listid=\"15\" data-list-defn-props=\"{&quot;335552541&quot;:1,&quot;335559684&quot;:-2,&quot;335559685&quot;:720,&quot;335559991&quot;:360,&quot;469769226&quot;:&quot;Symbol&quot;,&quot;469769242&quot;:[8226],&quot;469777803&quot;:&quot;left&quot;,&quot;469777804&quot;:&quot;\uf0b7&quot;,&quot;469777815&quot;:&quot;multilevel&quot;}\" aria-setsize=\"-1\" data-aria-posinset=\"1\" data-aria-level=\"1\"><span data-contrast=\"none\">Instagram:\u202f<\/span><a href=\"https:\/\/help.instagram.com\/519522125107875\"><span data-contrast=\"none\">https:\/\/help.instagram.com\/519522125107875<\/span><\/a><span data-ccp-props=\"{&quot;201341983&quot;:0,&quot;335551550&quot;:6,&quot;335551620&quot;:6,&quot;335559685&quot;:795,&quot;335559739&quot;:160,&quot;335559740&quot;:240}\">&nbsp;<\/span><\/li>\n<li data-leveltext=\"\uf0b7\" data-font=\"Symbol\" data-listid=\"15\" data-list-defn-props=\"{&quot;335552541&quot;:1,&quot;335559684&quot;:-2,&quot;335559685&quot;:720,&quot;335559991&quot;:360,&quot;469769226&quot;:&quot;Symbol&quot;,&quot;469769242&quot;:[8226],&quot;469777803&quot;:&quot;left&quot;,&quot;469777804&quot;:&quot;\uf0b7&quot;,&quot;469777815&quot;:&quot;multilevel&quot;}\" aria-setsize=\"-1\" data-aria-posinset=\"2\" data-aria-level=\"1\"><span data-contrast=\"none\">Google,\u202fYoutube:\u202f<\/span><a href=\"https:\/\/policies.google.com\/privacy?hl=es\"><span data-contrast=\"none\">https:\/\/policies.google.com\/privacy?hl=es<\/span><\/a><span data-ccp-props=\"{&quot;201341983&quot;:0,&quot;335551550&quot;:6,&quot;335551620&quot;:6,&quot;335559685&quot;:795,&quot;335559739&quot;:160,&quot;335559740&quot;:240}\">&nbsp;<\/span><\/li>\n<li data-leveltext=\"\uf0b7\" data-font=\"Symbol\" data-listid=\"15\" data-list-defn-props=\"{&quot;335552541&quot;:1,&quot;335559684&quot;:-2,&quot;335559685&quot;:720,&quot;335559991&quot;:360,&quot;469769226&quot;:&quot;Symbol&quot;,&quot;469769242&quot;:[8226],&quot;469777803&quot;:&quot;left&quot;,&quot;469777804&quot;:&quot;\uf0b7&quot;,&quot;469777815&quot;:&quot;multilevel&quot;}\" aria-setsize=\"-1\" data-aria-posinset=\"3\" data-aria-level=\"1\"><span data-contrast=\"none\">LinkedIn:\u202f<\/span><a href=\"https:\/\/es.linkedin.com\/legal\/privacy-policy\"><span data-contrast=\"none\">https:\/\/es.linkedin.com\/legal\/privacy-policy<\/span><\/a><span data-ccp-props=\"{&quot;201341983&quot;:0,&quot;335551550&quot;:6,&quot;335551620&quot;:6,&quot;335559685&quot;:795,&quot;335559739&quot;:160,&quot;335559740&quot;:240}\">&nbsp;<\/span><\/li>\n<\/ul>\n<p><span data-contrast=\"none\">\u202f<\/span><span data-ccp-props=\"{&quot;134233117&quot;:false,&quot;134233118&quot;:false,&quot;201341983&quot;:0,&quot;335551550&quot;:6,&quot;335551620&quot;:6,&quot;335559738&quot;:0,&quot;335559739&quot;:480,&quot;335559740&quot;:240}\">&nbsp;<\/span><\/p>\n<p><b>11 MODIFICATION DE LA POLITIQUE DE CONFIDENTIALITE&nbsp;<\/b><\/p>\n<p>&nbsp;MOOVE CARS peut modifier la pr\u00e9sente politique de confidentialit\u00e9 en tout ou en partie si la loi applicable l&rsquo;exige.<\/p>\n<p><span data-contrast=\"none\">\u202f<\/span><span data-ccp-props=\"{&quot;134233117&quot;:false,&quot;134233118&quot;:false,&quot;201341983&quot;:0,&quot;335551550&quot;:6,&quot;335551620&quot;:6,&quot;335559738&quot;:0,&quot;335559739&quot;:480,&quot;335559740&quot;:240}\">&nbsp;<\/span><\/p>\n<p><b><span data-contrast=\"none\">Fecha de \u00faltima versi\u00f3n:\u202f12\/04\/2023.<\/span><\/b><span data-ccp-props=\"{&quot;134233117&quot;:false,&quot;134233118&quot;:false,&quot;201341983&quot;:0,&quot;335551550&quot;:6,&quot;335551620&quot;:6,&quot;335559738&quot;:0,&quot;335559739&quot;:0,&quot;335559740&quot;:240}\">&nbsp;<\/span><\/p>\n<p><span data-ccp-props=\"{&quot;134233117&quot;:false,&quot;134233118&quot;:false,&quot;201341983&quot;:0,&quot;335551550&quot;:6,&quot;335551620&quot;:6,&quot;335559738&quot;:0,&quot;335559739&quot;:0,&quot;335559740&quot;:240}\">&nbsp;<\/span><\/p>\t\t\t\t\t\t\t\t<\/div>\n\t\t\t\t\t<\/div>\n\t\t<\/div>\n\t\t\t\t\t<\/div>\n\t\t<\/section>\n\t\t\t\t<section class=\"elementor-section elementor-top-section elementor-element elementor-element-439784b elementor-section-boxed elementor-section-height-default elementor-section-height-default\" data-id=\"439784b\" data-element_type=\"section\" data-e-type=\"section\">\n\t\t\t\t\t\t<div class=\"elementor-container elementor-column-gap-default\">\n\t\t\t\t\t<div class=\"elementor-column elementor-col-100 elementor-top-column elementor-element elementor-element-f64dfbd\" data-id=\"f64dfbd\" data-element_type=\"column\" data-e-type=\"column\">\n\t\t\t<div class=\"elementor-widget-wrap elementor-element-populated\">\n\t\t\t\t\t\t<div class=\"elementor-element elementor-element-baee541 elementor-widget elementor-widget-spacer\" data-id=\"baee541\" data-element_type=\"widget\" data-e-type=\"widget\" data-widget_type=\"spacer.default\">\n\t\t\t\t\t\t\t<div class=\"elementor-spacer\">\n\t\t\t<div class=\"elementor-spacer-inner\"><\/div>\n\t\t<\/div>\n\t\t\t\t\t\t<\/div>\n\t\t\t\t\t<\/div>\n\t\t<\/div>\n\t\t\t\t\t<\/div>\n\t\t<\/section>\n\t\t\t\t<\/div>\n\t\t","protected":false},"excerpt":{"rendered":"<p>La pr\u00e9sente Politique de protection des donn\u00e9es personnelles (ci-apr\u00e8s, \u00a0\u00bb Politique de confidentialit\u00e9 \u00ab\u00a0) r\u00e9git le traitement des donn\u00e9es personnelles des utilisateurs du site Web www.moovecars.com, conform\u00e9ment aux dispositions de la l\u00e9gislation applicable en mati\u00e8re de protection des donn\u00e9es, (R\u00e8glement UE 2016\/679 et Loi organique 3\/2018, sur la protection des donn\u00e9es personnelles et la garantie [&hellip;]<\/p>\n","protected":false},"author":1,"featured_media":0,"parent":0,"menu_order":0,"comment_status":"closed","ping_status":"closed","template":"","meta":{"_acf_changed":false,"footnotes":""},"class_list":["post-2366","page","type-page","status-publish","hentry"],"acf":[],"_links":{"self":[{"href":"https:\/\/dev.moovecars.com\/fr\/wp-json\/wp\/v2\/pages\/2366","targetHints":{"allow":["GET"]}}],"collection":[{"href":"https:\/\/dev.moovecars.com\/fr\/wp-json\/wp\/v2\/pages"}],"about":[{"href":"https:\/\/dev.moovecars.com\/fr\/wp-json\/wp\/v2\/types\/page"}],"author":[{"embeddable":true,"href":"https:\/\/dev.moovecars.com\/fr\/wp-json\/wp\/v2\/users\/1"}],"replies":[{"embeddable":true,"href":"https:\/\/dev.moovecars.com\/fr\/wp-json\/wp\/v2\/comments?post=2366"}],"version-history":[{"count":0,"href":"https:\/\/dev.moovecars.com\/fr\/wp-json\/wp\/v2\/pages\/2366\/revisions"}],"wp:attachment":[{"href":"https:\/\/dev.moovecars.com\/fr\/wp-json\/wp\/v2\/media?parent=2366"}],"curies":[{"name":"wp","href":"https:\/\/api.w.org\/{rel}","templated":true}]}}